{"id":10,"date":"2018-03-29T09:43:29","date_gmt":"2018-03-29T09:43:29","guid":{"rendered":"https:\/\/sartoceramica.it\/?page_id=10"},"modified":"2020-10-29T07:46:57","modified_gmt":"2020-10-29T07:46:57","slug":"abbasso-schemi","status":"publish","type":"page","link":"https:\/\/sartoceramica.it\/?page_id=10","title":{"rendered":"UN DISEGNO PER OGNI SUPERFICIE, NESSUN LIMITE DIMENSIONALE, ABBASSO GLI SCHEMI!"},"content":{"rendered":"\n<div class=\"wp-block-image\"><figure class=\"aligncenter size-large is-resized\"><img loading=\"lazy\" decoding=\"async\" src=\"https:\/\/sartoceramica.it\/wp-content\/uploads\/2020\/02\/LOGO-ABB-SCHEMI-1-1024x341.gif\" alt=\"\" class=\"wp-image-302\" width=\"457\" height=\"152\" srcset=\"https:\/\/sartoceramica.it\/wp-content\/uploads\/2020\/02\/LOGO-ABB-SCHEMI-1-1024x341.gif 1024w, https:\/\/sartoceramica.it\/wp-content\/uploads\/2020\/02\/LOGO-ABB-SCHEMI-1-350x117.gif 350w, https:\/\/sartoceramica.it\/wp-content\/uploads\/2020\/02\/LOGO-ABB-SCHEMI-1-300x100.gif 300w, https:\/\/sartoceramica.it\/wp-content\/uploads\/2020\/02\/LOGO-ABB-SCHEMI-1-768x256.gif 768w\" sizes=\"auto, (max-width: 457px) 100vw, 457px\" \/><\/figure><\/div>\n\n\n\n<p class=\"has-text-align-center\">Un progetto semplice quanto ambizioso: eliminare i limiti dimensionali e ricoprire ogni superficie, qualsiasi forma o dimensione abbia, senza tagli n\u00e9 divisioni antiestetiche del rivestimento.<br><strong><em> Un unico disegno, mai ripetuto, che si sviluppa sulla superficie. <\/em><\/strong><br> Ogni stanza viene trattata come un progetto per offrire la massima personalizzazione possibile, trasformando la pavimentazione o il rivestimento in qualcosa di organico, che non ha tagli forzati e che non richiede alcun tipo di taglio in opera. <br> Semplice come incastrare i pezzi di un puzzle: ogni pezzo numerato ha il suo posto, rendendo la posa veloce, pulita e senza la necessit\u00e0 di avere materiale extra.  <\/p>\n\n\n\n<div class=\"wp-block-image\"><figure class=\"aligncenter size-large\"><img loading=\"lazy\" decoding=\"async\" width=\"1024\" height=\"820\" src=\"https:\/\/sartoceramica.it\/wp-content\/uploads\/2020\/02\/ABB-SCHEMI-1024x820.gif\" alt=\"\" class=\"wp-image-168\" srcset=\"https:\/\/sartoceramica.it\/wp-content\/uploads\/2020\/02\/ABB-SCHEMI-1024x820.gif 1024w, https:\/\/sartoceramica.it\/wp-content\/uploads\/2020\/02\/ABB-SCHEMI-scaled-350x280.gif 350w, https:\/\/sartoceramica.it\/wp-content\/uploads\/2020\/02\/ABB-SCHEMI-300x240.gif 300w, https:\/\/sartoceramica.it\/wp-content\/uploads\/2020\/02\/ABB-SCHEMI-768x615.gif 768w, https:\/\/sartoceramica.it\/wp-content\/uploads\/2020\/02\/ABB-SCHEMI-1536x1230.gif 1536w, https:\/\/sartoceramica.it\/wp-content\/uploads\/2020\/02\/ABB-SCHEMI-2048x1640.gif 2048w\" sizes=\"auto, (max-width: 767px) 89vw, (max-width: 1000px) 54vw, (max-width: 1071px) 543px, 580px\" \/><\/figure><\/div>\n\n\n\n<p><br> <strong><em>I vantaggi:<br><\/em><\/strong><em>-Nessun taglio in opera                                                                                                                                           -Nessuna necessit\u00e0 di mq di materiale aggiuntivo per tagli in opera<br> -Disegno continuo tra tutte le stanze o pareti<br> -Possibilit\u00e0 di avere disegni personalizzati<br>&#8211; Facilit\u00e0 di posa <br>-Qualsiasi materiale \u00e8 utilizzabile, dai piccoli formati alle grandi lastre ceramiche<br>-Team di progettazione qualificato a disposizione <br>-Nessun limite dimensionale<\/em><\/p>\n\n\n\n<p class=\"has-text-align-center\">Il progetto Abbasso gli schemi viene proposto dalla nostra azienda da diversi anni, riscontrando un ottimo successo grazie alla sua versatilit\u00e0 ad ogni pianta o superficie, qualsiasi sia la forma o dimensione dello spazio da rivestire.<\/p>\n\n\n\n<figure class=\"wp-block-image size-large\"><img loading=\"lazy\" decoding=\"async\" width=\"1024\" height=\"777\" src=\"https:\/\/sartoceramica.it\/wp-content\/uploads\/2020\/02\/abbasso-schemi-2-1024x777.gif\" alt=\"\" class=\"wp-image-297\" srcset=\"https:\/\/sartoceramica.it\/wp-content\/uploads\/2020\/02\/abbasso-schemi-2-1024x777.gif 1024w, https:\/\/sartoceramica.it\/wp-content\/uploads\/2020\/02\/abbasso-schemi-2-350x265.gif 350w, https:\/\/sartoceramica.it\/wp-content\/uploads\/2020\/02\/abbasso-schemi-2-300x228.gif 300w, https:\/\/sartoceramica.it\/wp-content\/uploads\/2020\/02\/abbasso-schemi-2-768x583.gif 768w, https:\/\/sartoceramica.it\/wp-content\/uploads\/2020\/02\/abbasso-schemi-2-1536x1165.gif 1536w\" sizes=\"auto, (max-width: 767px) 89vw, (max-width: 1000px) 54vw, (max-width: 1071px) 543px, 580px\" \/><figcaption>Disegno abbasso gli schemi Rondelet<\/figcaption><\/figure>\n\n\n\n<figure class=\"wp-block-image size-large\"><img loading=\"lazy\" decoding=\"async\" width=\"1024\" height=\"735\" src=\"https:\/\/sartoceramica.it\/wp-content\/uploads\/2020\/02\/abbasso-schemi1-1024x735.gif\" alt=\"\" class=\"wp-image-298\" srcset=\"https:\/\/sartoceramica.it\/wp-content\/uploads\/2020\/02\/abbasso-schemi1-1024x735.gif 1024w, https:\/\/sartoceramica.it\/wp-content\/uploads\/2020\/02\/abbasso-schemi1-350x251.gif 350w, https:\/\/sartoceramica.it\/wp-content\/uploads\/2020\/02\/abbasso-schemi1-300x215.gif 300w, https:\/\/sartoceramica.it\/wp-content\/uploads\/2020\/02\/abbasso-schemi1-768x552.gif 768w\" sizes=\"auto, (max-width: 767px) 89vw, (max-width: 1000px) 54vw, (max-width: 1071px) 543px, 580px\" \/><figcaption>Disegno Abbasso gli schemi fade<\/figcaption><\/figure>\n\n\n\n<figure class=\"wp-block-image size-large\"><img loading=\"lazy\" decoding=\"async\" width=\"1024\" height=\"1024\" src=\"https:\/\/sartoceramica.it\/wp-content\/uploads\/2020\/02\/abbasso-schemi-3-1024x1024.gif\" alt=\"\" class=\"wp-image-299\" srcset=\"https:\/\/sartoceramica.it\/wp-content\/uploads\/2020\/02\/abbasso-schemi-3-1024x1024.gif 1024w, https:\/\/sartoceramica.it\/wp-content\/uploads\/2020\/02\/abbasso-schemi-3-250x250.gif 250w, https:\/\/sartoceramica.it\/wp-content\/uploads\/2020\/02\/abbasso-schemi-3-100x100.gif 100w, https:\/\/sartoceramica.it\/wp-content\/uploads\/2020\/02\/abbasso-schemi-3-350x350.gif 350w, https:\/\/sartoceramica.it\/wp-content\/uploads\/2020\/02\/abbasso-schemi-3-300x300.gif 300w, https:\/\/sartoceramica.it\/wp-content\/uploads\/2020\/02\/abbasso-schemi-3-150x150.gif 150w, https:\/\/sartoceramica.it\/wp-content\/uploads\/2020\/02\/abbasso-schemi-3-768x768.gif 768w, https:\/\/sartoceramica.it\/wp-content\/uploads\/2020\/02\/abbasso-schemi-3-1536x1536.gif 1536w\" sizes=\"auto, (max-width: 767px) 89vw, (max-width: 1000px) 54vw, (max-width: 1071px) 543px, 580px\" \/><figcaption>Disegno Abbasso gli schemi Road <\/figcaption><\/figure>\n\n\n\n<figure class=\"wp-block-image size-large\"><img loading=\"lazy\" decoding=\"async\" width=\"1024\" height=\"1024\" src=\"https:\/\/sartoceramica.it\/wp-content\/uploads\/2020\/02\/abbasso-schemi-4-1024x1024.gif\" alt=\"\" class=\"wp-image-300\" srcset=\"https:\/\/sartoceramica.it\/wp-content\/uploads\/2020\/02\/abbasso-schemi-4-1024x1024.gif 1024w, https:\/\/sartoceramica.it\/wp-content\/uploads\/2020\/02\/abbasso-schemi-4-250x250.gif 250w, https:\/\/sartoceramica.it\/wp-content\/uploads\/2020\/02\/abbasso-schemi-4-100x100.gif 100w, https:\/\/sartoceramica.it\/wp-content\/uploads\/2020\/02\/abbasso-schemi-4-350x350.gif 350w, https:\/\/sartoceramica.it\/wp-content\/uploads\/2020\/02\/abbasso-schemi-4-300x300.gif 300w, https:\/\/sartoceramica.it\/wp-content\/uploads\/2020\/02\/abbasso-schemi-4-150x150.gif 150w, https:\/\/sartoceramica.it\/wp-content\/uploads\/2020\/02\/abbasso-schemi-4-768x768.gif 768w, https:\/\/sartoceramica.it\/wp-content\/uploads\/2020\/02\/abbasso-schemi-4-1536x1536.gif 1536w\" sizes=\"auto, (max-width: 767px) 89vw, (max-width: 1000px) 54vw, (max-width: 1071px) 543px, 580px\" \/><figcaption>Disegno Abbasso gli schemi Jungle <\/figcaption><\/figure>\n","protected":false},"excerpt":{"rendered":"<p>Un progetto semplice quanto ambizioso: eliminare i limiti dimensionali e ricoprire ogni superficie, qualsiasi forma o dimensione abbia, senza tagli n\u00e9 divisioni antiestetiche del rivestimento. Un unico disegno, mai ripetuto, che si sviluppa sulla superficie. Ogni stanza viene trattata come un progetto per offrire la massima personalizzazione possibile, trasformando la pavimentazione o il rivestimento in &hellip; <\/p>\n<p class=\"link-more\"><a href=\"https:\/\/sartoceramica.it\/?page_id=10\" class=\"more-link\">Leggi tutto<span class=\"screen-reader-text\"> &#8220;UN DISEGNO PER OGNI SUPERFICIE, NESSUN LIMITE DIMENSIONALE, ABBASSO GLI SCHEMI!&#8221;<\/span><\/a><\/p>\n","protected":false},"author":1,"featured_media":0,"parent":0,"menu_order":0,"comment_status":"closed","ping_status":"closed","template":"","meta":{"footnotes":""},"class_list":["post-10","page","type-page","status-publish","hentry"],"yoast_head":"<!-- This site is optimized with the Yoast SEO plugin v27.5 - https:\/\/yoast.com\/product\/yoast-seo-wordpress\/ -->\n<title>UN DISEGNO PER OGNI SUPERFICIE, NESSUN LIMITE DIMENSIONALE, ABBASSO GLI SCHEMI! - Sarto Ceramica<\/title>\n<meta name=\"robots\" content=\"index, follow, max-snippet:-1, max-image-preview:large, max-video-preview:-1\" \/>\n<link rel=\"canonical\" href=\"https:\/\/sartoceramica.it\/?page_id=10\" \/>\n<meta property=\"og:locale\" content=\"it_IT\" \/>\n<meta property=\"og:type\" content=\"article\" \/>\n<meta property=\"og:title\" content=\"UN DISEGNO PER OGNI SUPERFICIE, NESSUN LIMITE DIMENSIONALE, ABBASSO GLI SCHEMI! - Sarto Ceramica\" \/>\n<meta property=\"og:description\" content=\"Un progetto semplice quanto ambizioso: eliminare i limiti dimensionali e ricoprire ogni superficie, qualsiasi forma o dimensione abbia, senza tagli n\u00e9 divisioni antiestetiche del rivestimento. Un unico disegno, mai ripetuto, che si sviluppa sulla superficie. Ogni stanza viene trattata come un progetto per offrire la massima personalizzazione possibile, trasformando la pavimentazione o il rivestimento in &hellip; Leggi tutto &quot;UN DISEGNO PER OGNI SUPERFICIE, NESSUN LIMITE DIMENSIONALE, ABBASSO GLI SCHEMI!&quot;\" \/>\n<meta property=\"og:url\" content=\"https:\/\/sartoceramica.it\/?page_id=10\" \/>\n<meta property=\"og:site_name\" content=\"Sarto Ceramica\" \/>\n<meta property=\"article:publisher\" content=\"https:\/\/www.facebook.com\/SartoCeramicasrl\/?locale=it_IT\" \/>\n<meta property=\"article:modified_time\" content=\"2020-10-29T07:46:57+00:00\" \/>\n<meta property=\"og:image\" content=\"https:\/\/sartoceramica.it\/wp-content\/uploads\/2020\/02\/LOGO-ABB-SCHEMI-1-1024x341.gif\" \/>\n<meta name=\"twitter:card\" content=\"summary_large_image\" \/>\n<meta name=\"twitter:label1\" content=\"Tempo di lettura stimato\" \/>\n\t<meta name=\"twitter:data1\" content=\"1 minuto\" \/>\n<script type=\"application\/ld+json\" class=\"yoast-schema-graph\">{\"@context\":\"https:\\\/\\\/schema.org\",\"@graph\":[{\"@type\":\"WebPage\",\"@id\":\"https:\\\/\\\/sartoceramica.it\\\/?page_id=10\",\"url\":\"https:\\\/\\\/sartoceramica.it\\\/?page_id=10\",\"name\":\"UN DISEGNO PER OGNI SUPERFICIE, NESSUN LIMITE DIMENSIONALE, ABBASSO GLI SCHEMI! - Sarto Ceramica\",\"isPartOf\":{\"@id\":\"https:\\\/\\\/sartoceramica.it\\\/#website\"},\"primaryImageOfPage\":{\"@id\":\"https:\\\/\\\/sartoceramica.it\\\/?page_id=10#primaryimage\"},\"image\":{\"@id\":\"https:\\\/\\\/sartoceramica.it\\\/?page_id=10#primaryimage\"},\"thumbnailUrl\":\"https:\\\/\\\/sartoceramica.it\\\/wp-content\\\/uploads\\\/2020\\\/02\\\/LOGO-ABB-SCHEMI-1-1024x341.gif\",\"datePublished\":\"2018-03-29T09:43:29+00:00\",\"dateModified\":\"2020-10-29T07:46:57+00:00\",\"breadcrumb\":{\"@id\":\"https:\\\/\\\/sartoceramica.it\\\/?page_id=10#breadcrumb\"},\"inLanguage\":\"it-IT\",\"potentialAction\":[{\"@type\":\"ReadAction\",\"target\":[\"https:\\\/\\\/sartoceramica.it\\\/?page_id=10\"]}]},{\"@type\":\"ImageObject\",\"inLanguage\":\"it-IT\",\"@id\":\"https:\\\/\\\/sartoceramica.it\\\/?page_id=10#primaryimage\",\"url\":\"https:\\\/\\\/sartoceramica.it\\\/wp-content\\\/uploads\\\/2020\\\/02\\\/LOGO-ABB-SCHEMI-1.gif\",\"contentUrl\":\"https:\\\/\\\/sartoceramica.it\\\/wp-content\\\/uploads\\\/2020\\\/02\\\/LOGO-ABB-SCHEMI-1.gif\",\"width\":1500,\"height\":500},{\"@type\":\"BreadcrumbList\",\"@id\":\"https:\\\/\\\/sartoceramica.it\\\/?page_id=10#breadcrumb\",\"itemListElement\":[{\"@type\":\"ListItem\",\"position\":1,\"name\":\"Home\",\"item\":\"https:\\\/\\\/lightgrey-scorpion-978849.hostingersite.com\\\/\"},{\"@type\":\"ListItem\",\"position\":2,\"name\":\"UN DISEGNO PER OGNI SUPERFICIE, NESSUN LIMITE DIMENSIONALE, ABBASSO GLI SCHEMI!\"}]},{\"@type\":\"WebSite\",\"@id\":\"https:\\\/\\\/sartoceramica.it\\\/#website\",\"url\":\"https:\\\/\\\/sartoceramica.it\\\/\",\"name\":\"Sarto Ceramica\",\"description\":\"Home decor in gres porcellanato su misura\",\"publisher\":{\"@id\":\"https:\\\/\\\/sartoceramica.it\\\/#organization\"},\"potentialAction\":[{\"@type\":\"SearchAction\",\"target\":{\"@type\":\"EntryPoint\",\"urlTemplate\":\"https:\\\/\\\/sartoceramica.it\\\/?s={search_term_string}\"},\"query-input\":{\"@type\":\"PropertyValueSpecification\",\"valueRequired\":true,\"valueName\":\"search_term_string\"}}],\"inLanguage\":\"it-IT\"},{\"@type\":\"Organization\",\"@id\":\"https:\\\/\\\/sartoceramica.it\\\/#organization\",\"name\":\"Sarto Ceramica\",\"url\":\"https:\\\/\\\/sartoceramica.it\\\/\",\"logo\":{\"@type\":\"ImageObject\",\"inLanguage\":\"it-IT\",\"@id\":\"https:\\\/\\\/sartoceramica.it\\\/#\\\/schema\\\/logo\\\/image\\\/\",\"url\":\"https:\\\/\\\/sartoceramica.it\\\/wp-content\\\/uploads\\\/2020\\\/02\\\/cropped-logo-png-sarto.png\",\"contentUrl\":\"https:\\\/\\\/sartoceramica.it\\\/wp-content\\\/uploads\\\/2020\\\/02\\\/cropped-logo-png-sarto.png\",\"width\":566,\"height\":250,\"caption\":\"Sarto Ceramica\"},\"image\":{\"@id\":\"https:\\\/\\\/sartoceramica.it\\\/#\\\/schema\\\/logo\\\/image\\\/\"},\"sameAs\":[\"https:\\\/\\\/www.facebook.com\\\/SartoCeramicasrl\\\/?locale=it_IT\",\"https:\\\/\\\/instagram.com\\\/sartoitalia_srl?igshid=MGU3ZTQzNzY=\"]}]}<\/script>\n<!-- \/ Yoast SEO plugin. -->","yoast_head_json":{"title":"UN DISEGNO PER OGNI SUPERFICIE, NESSUN LIMITE DIMENSIONALE, ABBASSO GLI SCHEMI! - Sarto Ceramica","robots":{"index":"index","follow":"follow","max-snippet":"max-snippet:-1","max-image-preview":"max-image-preview:large","max-video-preview":"max-video-preview:-1"},"canonical":"https:\/\/sartoceramica.it\/?page_id=10","og_locale":"it_IT","og_type":"article","og_title":"UN DISEGNO PER OGNI SUPERFICIE, NESSUN LIMITE DIMENSIONALE, ABBASSO GLI SCHEMI! - Sarto Ceramica","og_description":"Un progetto semplice quanto ambizioso: eliminare i limiti dimensionali e ricoprire ogni superficie, qualsiasi forma o dimensione abbia, senza tagli n\u00e9 divisioni antiestetiche del rivestimento. Un unico disegno, mai ripetuto, che si sviluppa sulla superficie. Ogni stanza viene trattata come un progetto per offrire la massima personalizzazione possibile, trasformando la pavimentazione o il rivestimento in &hellip; Leggi tutto \"UN DISEGNO PER OGNI SUPERFICIE, NESSUN LIMITE DIMENSIONALE, ABBASSO GLI SCHEMI!\"","og_url":"https:\/\/sartoceramica.it\/?page_id=10","og_site_name":"Sarto Ceramica","article_publisher":"https:\/\/www.facebook.com\/SartoCeramicasrl\/?locale=it_IT","article_modified_time":"2020-10-29T07:46:57+00:00","og_image":[{"url":"https:\/\/sartoceramica.it\/wp-content\/uploads\/2020\/02\/LOGO-ABB-SCHEMI-1-1024x341.gif","type":"","width":"","height":""}],"twitter_card":"summary_large_image","twitter_misc":{"Tempo di lettura stimato":"1 minuto"},"schema":{"@context":"https:\/\/schema.org","@graph":[{"@type":"WebPage","@id":"https:\/\/sartoceramica.it\/?page_id=10","url":"https:\/\/sartoceramica.it\/?page_id=10","name":"UN DISEGNO PER OGNI SUPERFICIE, NESSUN LIMITE DIMENSIONALE, ABBASSO GLI SCHEMI! - Sarto Ceramica","isPartOf":{"@id":"https:\/\/sartoceramica.it\/#website"},"primaryImageOfPage":{"@id":"https:\/\/sartoceramica.it\/?page_id=10#primaryimage"},"image":{"@id":"https:\/\/sartoceramica.it\/?page_id=10#primaryimage"},"thumbnailUrl":"https:\/\/sartoceramica.it\/wp-content\/uploads\/2020\/02\/LOGO-ABB-SCHEMI-1-1024x341.gif","datePublished":"2018-03-29T09:43:29+00:00","dateModified":"2020-10-29T07:46:57+00:00","breadcrumb":{"@id":"https:\/\/sartoceramica.it\/?page_id=10#breadcrumb"},"inLanguage":"it-IT","potentialAction":[{"@type":"ReadAction","target":["https:\/\/sartoceramica.it\/?page_id=10"]}]},{"@type":"ImageObject","inLanguage":"it-IT","@id":"https:\/\/sartoceramica.it\/?page_id=10#primaryimage","url":"https:\/\/sartoceramica.it\/wp-content\/uploads\/2020\/02\/LOGO-ABB-SCHEMI-1.gif","contentUrl":"https:\/\/sartoceramica.it\/wp-content\/uploads\/2020\/02\/LOGO-ABB-SCHEMI-1.gif","width":1500,"height":500},{"@type":"BreadcrumbList","@id":"https:\/\/sartoceramica.it\/?page_id=10#breadcrumb","itemListElement":[{"@type":"ListItem","position":1,"name":"Home","item":"https:\/\/lightgrey-scorpion-978849.hostingersite.com\/"},{"@type":"ListItem","position":2,"name":"UN DISEGNO PER OGNI SUPERFICIE, NESSUN LIMITE DIMENSIONALE, ABBASSO GLI SCHEMI!"}]},{"@type":"WebSite","@id":"https:\/\/sartoceramica.it\/#website","url":"https:\/\/sartoceramica.it\/","name":"Sarto Ceramica","description":"Home decor in gres porcellanato su misura","publisher":{"@id":"https:\/\/sartoceramica.it\/#organization"},"potentialAction":[{"@type":"SearchAction","target":{"@type":"EntryPoint","urlTemplate":"https:\/\/sartoceramica.it\/?s={search_term_string}"},"query-input":{"@type":"PropertyValueSpecification","valueRequired":true,"valueName":"search_term_string"}}],"inLanguage":"it-IT"},{"@type":"Organization","@id":"https:\/\/sartoceramica.it\/#organization","name":"Sarto Ceramica","url":"https:\/\/sartoceramica.it\/","logo":{"@type":"ImageObject","inLanguage":"it-IT","@id":"https:\/\/sartoceramica.it\/#\/schema\/logo\/image\/","url":"https:\/\/sartoceramica.it\/wp-content\/uploads\/2020\/02\/cropped-logo-png-sarto.png","contentUrl":"https:\/\/sartoceramica.it\/wp-content\/uploads\/2020\/02\/cropped-logo-png-sarto.png","width":566,"height":250,"caption":"Sarto Ceramica"},"image":{"@id":"https:\/\/sartoceramica.it\/#\/schema\/logo\/image\/"},"sameAs":["https:\/\/www.facebook.com\/SartoCeramicasrl\/?locale=it_IT","https:\/\/instagram.com\/sartoitalia_srl?igshid=MGU3ZTQzNzY="]}]}},"jetpack_sharing_enabled":true,"_links":{"self":[{"href":"https:\/\/sartoceramica.it\/index.php?rest_route=\/wp\/v2\/pages\/10","targetHints":{"allow":["GET"]}}],"collection":[{"href":"https:\/\/sartoceramica.it\/index.php?rest_route=\/wp\/v2\/pages"}],"about":[{"href":"https:\/\/sartoceramica.it\/index.php?rest_route=\/wp\/v2\/types\/page"}],"author":[{"embeddable":true,"href":"https:\/\/sartoceramica.it\/index.php?rest_route=\/wp\/v2\/users\/1"}],"replies":[{"embeddable":true,"href":"https:\/\/sartoceramica.it\/index.php?rest_route=%2Fwp%2Fv2%2Fcomments&post=10"}],"version-history":[{"count":12,"href":"https:\/\/sartoceramica.it\/index.php?rest_route=\/wp\/v2\/pages\/10\/revisions"}],"predecessor-version":[{"id":697,"href":"https:\/\/sartoceramica.it\/index.php?rest_route=\/wp\/v2\/pages\/10\/revisions\/697"}],"wp:attachment":[{"href":"https:\/\/sartoceramica.it\/index.php?rest_route=%2Fwp%2Fv2%2Fmedia&parent=10"}],"curies":[{"name":"wp","href":"https:\/\/api.w.org\/{rel}","templated":true}]}}