{"id":40,"date":"2018-03-29T13:07:48","date_gmt":"2018-03-29T13:07:48","guid":{"rendered":"https:\/\/sartoceramica.it\/?page_id=40"},"modified":"2020-10-09T13:00:08","modified_gmt":"2020-10-09T13:00:08","slug":"laser-decor-monocolore","status":"publish","type":"page","link":"https:\/\/sartoceramica.it\/?page_id=40","title":{"rendered":"LASER DECOR MONOCOLORE"},"content":{"rendered":"<p style=\"text-align: left;\">La decorazione laser \u00e8 una tecnologia ideale per lo spazio e l&#8217;arredamento contemporaneo: attraverso la leggera scalfitura del supporto ceramico, si delineano delicati decori che decorano senza appesantire.<\/p>\n<p style=\"text-align: left;\">La tipologia di disegno pu\u00f2 spaziare dalle volute barocche fino a minimali trame rigate. Al resto penser\u00e0 la luce che, riflettendosi, creer\u00e0 sempre nuovi giochi di trame ed effetti visivi.<\/p>\n<p style=\"text-align: left;\">Nessuna manutenzione speciale: il laser quando incide, ricuoce la superficie della piastrella, pertanto lo smalto non viene intaccato. Lo &#8220;scavo&#8221; creato \u00e8 ineccepibile, pertanto non si hanno nemmeno problemi dovuti ad accumulo di residui.<\/p>\n<p style=\"text-align: left;\">Sezione di una mattonella incisa a laser:<\/p>\n<p style=\"text-align: center;\"><a href=\"https:\/\/sartoceramica.it\/wp-content\/uploads\/2018\/03\/incisione-sarto-ceramica.jpg\">\u00a0\u00a0<img loading=\"lazy\" decoding=\"async\" class=\" wp-image-69 aligncenter\" src=\"https:\/\/sartoceramica.it\/wp-content\/uploads\/2018\/03\/incisione-sarto-ceramica-300x204.jpg\" alt=\"\" width=\"666\" height=\"453\" srcset=\"https:\/\/sartoceramica.it\/wp-content\/uploads\/2018\/03\/incisione-sarto-ceramica-300x204.jpg 300w, https:\/\/sartoceramica.it\/wp-content\/uploads\/2018\/03\/incisione-sarto-ceramica-350x238.jpg 350w, https:\/\/sartoceramica.it\/wp-content\/uploads\/2018\/03\/incisione-sarto-ceramica-768x523.jpg 768w, https:\/\/sartoceramica.it\/wp-content\/uploads\/2018\/03\/incisione-sarto-ceramica-1024x697.jpg 1024w, https:\/\/sartoceramica.it\/wp-content\/uploads\/2018\/03\/incisione-sarto-ceramica.jpg 1220w\" sizes=\"auto, (max-width: 666px) 100vw, 666px\" \/><\/a><\/p>\n\n\n<figure class=\"wp-block-image\"><img loading=\"lazy\" decoding=\"async\" width=\"1024\" height=\"511\" src=\"https:\/\/sartoceramica.it\/wp-content\/uploads\/2018\/03\/sartoceramica-laser5-1024x511.jpg\" alt=\"\" class=\"wp-image-75\" srcset=\"https:\/\/sartoceramica.it\/wp-content\/uploads\/2018\/03\/sartoceramica-laser5-1024x511.jpg 1024w, https:\/\/sartoceramica.it\/wp-content\/uploads\/2018\/03\/sartoceramica-laser5-350x175.jpg 350w, https:\/\/sartoceramica.it\/wp-content\/uploads\/2018\/03\/sartoceramica-laser5-300x150.jpg 300w, https:\/\/sartoceramica.it\/wp-content\/uploads\/2018\/03\/sartoceramica-laser5-768x383.jpg 768w\" sizes=\"auto, (max-width: 767px) 89vw, (max-width: 1000px) 54vw, (max-width: 1071px) 543px, 580px\" \/><\/figure>\n\n\n\n<figure class=\"wp-block-image size-large\"><img loading=\"lazy\" decoding=\"async\" width=\"1024\" height=\"556\" src=\"https:\/\/sartoceramica.it\/wp-content\/uploads\/2018\/03\/sartoceramica-laser7-1024x556.jpg\" alt=\"\" class=\"wp-image-77\" srcset=\"https:\/\/sartoceramica.it\/wp-content\/uploads\/2018\/03\/sartoceramica-laser7-1024x556.jpg 1024w, https:\/\/sartoceramica.it\/wp-content\/uploads\/2018\/03\/sartoceramica-laser7-350x190.jpg 350w, https:\/\/sartoceramica.it\/wp-content\/uploads\/2018\/03\/sartoceramica-laser7-300x163.jpg 300w, https:\/\/sartoceramica.it\/wp-content\/uploads\/2018\/03\/sartoceramica-laser7-768x417.jpg 768w\" sizes=\"auto, (max-width: 767px) 89vw, (max-width: 1000px) 54vw, (max-width: 1071px) 543px, 580px\" \/><\/figure>\n\n\n\n<figure class=\"wp-block-image size-large\"><img loading=\"lazy\" decoding=\"async\" width=\"1024\" height=\"768\" src=\"https:\/\/sartoceramica.it\/wp-content\/uploads\/2020\/02\/monocolore-2-1024x768.png\" alt=\"\" class=\"wp-image-214\" srcset=\"https:\/\/sartoceramica.it\/wp-content\/uploads\/2020\/02\/monocolore-2-1024x768.png 1024w, https:\/\/sartoceramica.it\/wp-content\/uploads\/2020\/02\/monocolore-2-350x263.png 350w, https:\/\/sartoceramica.it\/wp-content\/uploads\/2020\/02\/monocolore-2-300x225.png 300w, https:\/\/sartoceramica.it\/wp-content\/uploads\/2020\/02\/monocolore-2-768x576.png 768w, https:\/\/sartoceramica.it\/wp-content\/uploads\/2020\/02\/monocolore-2.png 1200w\" sizes=\"auto, (max-width: 767px) 89vw, (max-width: 1000px) 54vw, (max-width: 1071px) 543px, 580px\" \/><\/figure>\n\n\n\n<p>I RICAMI: la nostra collezione di incisioni su legno e ceramica, una collezione pensata per dare continuit\u00e0 di decoro tra zona notte e zona giorno. Scarica qui la brochure dedicata:<\/p>\n\n\n\n\n\n<p><\/p>\n","protected":false},"excerpt":{"rendered":"<p>La decorazione laser \u00e8 una tecnologia ideale per lo spazio e l&#8217;arredamento contemporaneo: attraverso la leggera scalfitura del supporto ceramico, si delineano delicati decori che decorano senza appesantire. La tipologia di disegno pu\u00f2 spaziare dalle volute barocche fino a minimali trame rigate. Al resto penser\u00e0 la luce che, riflettendosi, creer\u00e0 sempre nuovi giochi di trame &hellip; <\/p>\n<p class=\"link-more\"><a href=\"https:\/\/sartoceramica.it\/?page_id=40\" class=\"more-link\">Leggi tutto<span class=\"screen-reader-text\"> &#8220;LASER DECOR MONOCOLORE&#8221;<\/span><\/a><\/p>\n","protected":false},"author":1,"featured_media":0,"parent":0,"menu_order":0,"comment_status":"closed","ping_status":"closed","template":"","meta":{"footnotes":""},"class_list":["post-40","page","type-page","status-publish","hentry"],"yoast_head":"<!-- This site is optimized with the Yoast SEO plugin v27.5 - https:\/\/yoast.com\/product\/yoast-seo-wordpress\/ -->\n<title>LASER DECOR MONOCOLORE - Sarto Ceramica<\/title>\n<meta name=\"robots\" content=\"index, follow, max-snippet:-1, max-image-preview:large, max-video-preview:-1\" \/>\n<link rel=\"canonical\" href=\"https:\/\/sartoceramica.it\/?page_id=40\" \/>\n<meta property=\"og:locale\" content=\"it_IT\" \/>\n<meta property=\"og:type\" content=\"article\" \/>\n<meta property=\"og:title\" content=\"LASER DECOR MONOCOLORE - Sarto Ceramica\" \/>\n<meta property=\"og:description\" content=\"La decorazione laser \u00e8 una tecnologia ideale per lo spazio e l&#8217;arredamento contemporaneo: attraverso la leggera scalfitura del supporto ceramico, si delineano delicati decori che decorano senza appesantire. La tipologia di disegno pu\u00f2 spaziare dalle volute barocche fino a minimali trame rigate. Al resto penser\u00e0 la luce che, riflettendosi, creer\u00e0 sempre nuovi giochi di trame &hellip; Leggi tutto &quot;LASER DECOR MONOCOLORE&quot;\" \/>\n<meta property=\"og:url\" content=\"https:\/\/sartoceramica.it\/?page_id=40\" \/>\n<meta property=\"og:site_name\" content=\"Sarto Ceramica\" \/>\n<meta property=\"article:publisher\" content=\"https:\/\/www.facebook.com\/SartoCeramicasrl\/?locale=it_IT\" \/>\n<meta property=\"article:modified_time\" content=\"2020-10-09T13:00:08+00:00\" \/>\n<meta property=\"og:image\" content=\"https:\/\/sartoceramica.it\/wp-content\/uploads\/2018\/03\/incisione-sarto-ceramica-300x204.jpg\" \/>\n<meta name=\"twitter:card\" content=\"summary_large_image\" \/>\n<meta name=\"twitter:label1\" content=\"Tempo di lettura stimato\" \/>\n\t<meta name=\"twitter:data1\" content=\"1 minuto\" \/>\n<script type=\"application\/ld+json\" class=\"yoast-schema-graph\">{\"@context\":\"https:\\\/\\\/schema.org\",\"@graph\":[{\"@type\":\"WebPage\",\"@id\":\"https:\\\/\\\/sartoceramica.it\\\/?page_id=40\",\"url\":\"https:\\\/\\\/sartoceramica.it\\\/?page_id=40\",\"name\":\"LASER DECOR MONOCOLORE - Sarto Ceramica\",\"isPartOf\":{\"@id\":\"https:\\\/\\\/sartoceramica.it\\\/#website\"},\"primaryImageOfPage\":{\"@id\":\"https:\\\/\\\/sartoceramica.it\\\/?page_id=40#primaryimage\"},\"image\":{\"@id\":\"https:\\\/\\\/sartoceramica.it\\\/?page_id=40#primaryimage\"},\"thumbnailUrl\":\"https:\\\/\\\/sartoceramica.it\\\/wp-content\\\/uploads\\\/2018\\\/03\\\/incisione-sarto-ceramica-300x204.jpg\",\"datePublished\":\"2018-03-29T13:07:48+00:00\",\"dateModified\":\"2020-10-09T13:00:08+00:00\",\"breadcrumb\":{\"@id\":\"https:\\\/\\\/sartoceramica.it\\\/?page_id=40#breadcrumb\"},\"inLanguage\":\"it-IT\",\"potentialAction\":[{\"@type\":\"ReadAction\",\"target\":[\"https:\\\/\\\/sartoceramica.it\\\/?page_id=40\"]}]},{\"@type\":\"ImageObject\",\"inLanguage\":\"it-IT\",\"@id\":\"https:\\\/\\\/sartoceramica.it\\\/?page_id=40#primaryimage\",\"url\":\"https:\\\/\\\/sartoceramica.it\\\/wp-content\\\/uploads\\\/2018\\\/03\\\/incisione-sarto-ceramica.jpg\",\"contentUrl\":\"https:\\\/\\\/sartoceramica.it\\\/wp-content\\\/uploads\\\/2018\\\/03\\\/incisione-sarto-ceramica.jpg\",\"width\":1220,\"height\":831},{\"@type\":\"BreadcrumbList\",\"@id\":\"https:\\\/\\\/sartoceramica.it\\\/?page_id=40#breadcrumb\",\"itemListElement\":[{\"@type\":\"ListItem\",\"position\":1,\"name\":\"Home\",\"item\":\"https:\\\/\\\/lightgrey-scorpion-978849.hostingersite.com\\\/\"},{\"@type\":\"ListItem\",\"position\":2,\"name\":\"LASER DECOR MONOCOLORE\"}]},{\"@type\":\"WebSite\",\"@id\":\"https:\\\/\\\/sartoceramica.it\\\/#website\",\"url\":\"https:\\\/\\\/sartoceramica.it\\\/\",\"name\":\"Sarto Ceramica\",\"description\":\"Home decor in gres porcellanato su misura\",\"publisher\":{\"@id\":\"https:\\\/\\\/sartoceramica.it\\\/#organization\"},\"potentialAction\":[{\"@type\":\"SearchAction\",\"target\":{\"@type\":\"EntryPoint\",\"urlTemplate\":\"https:\\\/\\\/sartoceramica.it\\\/?s={search_term_string}\"},\"query-input\":{\"@type\":\"PropertyValueSpecification\",\"valueRequired\":true,\"valueName\":\"search_term_string\"}}],\"inLanguage\":\"it-IT\"},{\"@type\":\"Organization\",\"@id\":\"https:\\\/\\\/sartoceramica.it\\\/#organization\",\"name\":\"Sarto Ceramica\",\"url\":\"https:\\\/\\\/sartoceramica.it\\\/\",\"logo\":{\"@type\":\"ImageObject\",\"inLanguage\":\"it-IT\",\"@id\":\"https:\\\/\\\/sartoceramica.it\\\/#\\\/schema\\\/logo\\\/image\\\/\",\"url\":\"https:\\\/\\\/sartoceramica.it\\\/wp-content\\\/uploads\\\/2020\\\/02\\\/cropped-logo-png-sarto.png\",\"contentUrl\":\"https:\\\/\\\/sartoceramica.it\\\/wp-content\\\/uploads\\\/2020\\\/02\\\/cropped-logo-png-sarto.png\",\"width\":566,\"height\":250,\"caption\":\"Sarto Ceramica\"},\"image\":{\"@id\":\"https:\\\/\\\/sartoceramica.it\\\/#\\\/schema\\\/logo\\\/image\\\/\"},\"sameAs\":[\"https:\\\/\\\/www.facebook.com\\\/SartoCeramicasrl\\\/?locale=it_IT\",\"https:\\\/\\\/instagram.com\\\/sartoitalia_srl?igshid=MGU3ZTQzNzY=\"]}]}<\/script>\n<!-- \/ Yoast SEO plugin. -->","yoast_head_json":{"title":"LASER DECOR MONOCOLORE - Sarto Ceramica","robots":{"index":"index","follow":"follow","max-snippet":"max-snippet:-1","max-image-preview":"max-image-preview:large","max-video-preview":"max-video-preview:-1"},"canonical":"https:\/\/sartoceramica.it\/?page_id=40","og_locale":"it_IT","og_type":"article","og_title":"LASER DECOR MONOCOLORE - Sarto Ceramica","og_description":"La decorazione laser \u00e8 una tecnologia ideale per lo spazio e l&#8217;arredamento contemporaneo: attraverso la leggera scalfitura del supporto ceramico, si delineano delicati decori che decorano senza appesantire. La tipologia di disegno pu\u00f2 spaziare dalle volute barocche fino a minimali trame rigate. Al resto penser\u00e0 la luce che, riflettendosi, creer\u00e0 sempre nuovi giochi di trame &hellip; Leggi tutto \"LASER DECOR MONOCOLORE\"","og_url":"https:\/\/sartoceramica.it\/?page_id=40","og_site_name":"Sarto Ceramica","article_publisher":"https:\/\/www.facebook.com\/SartoCeramicasrl\/?locale=it_IT","article_modified_time":"2020-10-09T13:00:08+00:00","og_image":[{"url":"https:\/\/sartoceramica.it\/wp-content\/uploads\/2018\/03\/incisione-sarto-ceramica-300x204.jpg","type":"","width":"","height":""}],"twitter_card":"summary_large_image","twitter_misc":{"Tempo di lettura stimato":"1 minuto"},"schema":{"@context":"https:\/\/schema.org","@graph":[{"@type":"WebPage","@id":"https:\/\/sartoceramica.it\/?page_id=40","url":"https:\/\/sartoceramica.it\/?page_id=40","name":"LASER DECOR MONOCOLORE - Sarto Ceramica","isPartOf":{"@id":"https:\/\/sartoceramica.it\/#website"},"primaryImageOfPage":{"@id":"https:\/\/sartoceramica.it\/?page_id=40#primaryimage"},"image":{"@id":"https:\/\/sartoceramica.it\/?page_id=40#primaryimage"},"thumbnailUrl":"https:\/\/sartoceramica.it\/wp-content\/uploads\/2018\/03\/incisione-sarto-ceramica-300x204.jpg","datePublished":"2018-03-29T13:07:48+00:00","dateModified":"2020-10-09T13:00:08+00:00","breadcrumb":{"@id":"https:\/\/sartoceramica.it\/?page_id=40#breadcrumb"},"inLanguage":"it-IT","potentialAction":[{"@type":"ReadAction","target":["https:\/\/sartoceramica.it\/?page_id=40"]}]},{"@type":"ImageObject","inLanguage":"it-IT","@id":"https:\/\/sartoceramica.it\/?page_id=40#primaryimage","url":"https:\/\/sartoceramica.it\/wp-content\/uploads\/2018\/03\/incisione-sarto-ceramica.jpg","contentUrl":"https:\/\/sartoceramica.it\/wp-content\/uploads\/2018\/03\/incisione-sarto-ceramica.jpg","width":1220,"height":831},{"@type":"BreadcrumbList","@id":"https:\/\/sartoceramica.it\/?page_id=40#breadcrumb","itemListElement":[{"@type":"ListItem","position":1,"name":"Home","item":"https:\/\/lightgrey-scorpion-978849.hostingersite.com\/"},{"@type":"ListItem","position":2,"name":"LASER DECOR MONOCOLORE"}]},{"@type":"WebSite","@id":"https:\/\/sartoceramica.it\/#website","url":"https:\/\/sartoceramica.it\/","name":"Sarto Ceramica","description":"Home decor in gres porcellanato su misura","publisher":{"@id":"https:\/\/sartoceramica.it\/#organization"},"potentialAction":[{"@type":"SearchAction","target":{"@type":"EntryPoint","urlTemplate":"https:\/\/sartoceramica.it\/?s={search_term_string}"},"query-input":{"@type":"PropertyValueSpecification","valueRequired":true,"valueName":"search_term_string"}}],"inLanguage":"it-IT"},{"@type":"Organization","@id":"https:\/\/sartoceramica.it\/#organization","name":"Sarto Ceramica","url":"https:\/\/sartoceramica.it\/","logo":{"@type":"ImageObject","inLanguage":"it-IT","@id":"https:\/\/sartoceramica.it\/#\/schema\/logo\/image\/","url":"https:\/\/sartoceramica.it\/wp-content\/uploads\/2020\/02\/cropped-logo-png-sarto.png","contentUrl":"https:\/\/sartoceramica.it\/wp-content\/uploads\/2020\/02\/cropped-logo-png-sarto.png","width":566,"height":250,"caption":"Sarto Ceramica"},"image":{"@id":"https:\/\/sartoceramica.it\/#\/schema\/logo\/image\/"},"sameAs":["https:\/\/www.facebook.com\/SartoCeramicasrl\/?locale=it_IT","https:\/\/instagram.com\/sartoitalia_srl?igshid=MGU3ZTQzNzY="]}]}},"jetpack_sharing_enabled":true,"_links":{"self":[{"href":"https:\/\/sartoceramica.it\/index.php?rest_route=\/wp\/v2\/pages\/40","targetHints":{"allow":["GET"]}}],"collection":[{"href":"https:\/\/sartoceramica.it\/index.php?rest_route=\/wp\/v2\/pages"}],"about":[{"href":"https:\/\/sartoceramica.it\/index.php?rest_route=\/wp\/v2\/types\/page"}],"author":[{"embeddable":true,"href":"https:\/\/sartoceramica.it\/index.php?rest_route=\/wp\/v2\/users\/1"}],"replies":[{"embeddable":true,"href":"https:\/\/sartoceramica.it\/index.php?rest_route=%2Fwp%2Fv2%2Fcomments&post=40"}],"version-history":[{"count":8,"href":"https:\/\/sartoceramica.it\/index.php?rest_route=\/wp\/v2\/pages\/40\/revisions"}],"predecessor-version":[{"id":614,"href":"https:\/\/sartoceramica.it\/index.php?rest_route=\/wp\/v2\/pages\/40\/revisions\/614"}],"wp:attachment":[{"href":"https:\/\/sartoceramica.it\/index.php?rest_route=%2Fwp%2Fv2%2Fmedia&parent=40"}],"curies":[{"name":"wp","href":"https:\/\/api.w.org\/{rel}","templated":true}]}}