{"id":403,"date":"2020-05-05T07:29:17","date_gmt":"2020-05-05T07:29:17","guid":{"rendered":"https:\/\/sartoceramica.it\/?page_id=403"},"modified":"2020-10-13T15:01:41","modified_gmt":"2020-10-13T15:01:41","slug":"lavabi-su-misura-per-ekle-monaco","status":"publish","type":"page","link":"https:\/\/sartoceramica.it\/?page_id=403","title":{"rendered":"Lavabi su misura per Ekle Monaco"},"content":{"rendered":"\n<p>Un lavoro <strong>altamente artigiano<\/strong> e curato in ogni dettaglio; tre lavabi da installare su mobili in legno dalla particolare forma in tre diversi colori di gr\u00e8s porcellanato.<\/p>\n\n\n\n<p>Dal disegno a matita fino alla realizzazione: Sarto segue ogni fase. Il risultato: lavabi ispezionabili con vasca interna in acciaio AISI304, pi\u00f9 taglio della boiserie anteriore su misura da lastre.<\/p>\n\n\n\n<p>EN<\/p>\n\n\n\n<p>A highly <strong>artisan work<\/strong> with attention to every detail;  three washbasins to be installed on wooden furniture with a particular shape in three different colors of porcelain stoneware.<\/p>\n\n\n\n<p>From pencil drawing to realization: Sarto follows every step. The result: inspectionable washbasins with internal basin in AISI304 steel, plus cutting of the front paneling made to measure from slabs.<\/p>\n\n\n\n<p>FR<\/p>\n\n\n\n<p>Un travail <strong>hautement artisanal<\/strong> avec une attention \u00e0 chaque d\u00e9tail; trois vasques \u00e0 installer sur des meubles en bois de forme particuli\u00e8re dans trois couleurs diff\u00e9rentes de gr\u00e8s c\u00e9rame.<\/p>\n\n\n\n<p>Du dessin au crayon \u00e0 la r\u00e9alisation: Sarto suit chaque \u00e9tape. Le r\u00e9sultat: des lavabos inspectables avec un bassin int\u00e9rieur en acier AISI304, ainsi que la d\u00e9coupe de la fa\u00e7ade sur mesure.<\/p>\n\n\n\n<p><\/p>\n\n\n\n<figure class=\"wp-block-image size-large\"><img loading=\"lazy\" decoding=\"async\" width=\"1024\" height=\"768\" src=\"https:\/\/sartoceramica.it\/wp-content\/uploads\/2020\/05\/sarto-lavabo-1024x768.jpg\" alt=\"\" class=\"wp-image-405\" srcset=\"https:\/\/sartoceramica.it\/wp-content\/uploads\/2020\/05\/sarto-lavabo-1024x768.jpg 1024w, https:\/\/sartoceramica.it\/wp-content\/uploads\/2020\/05\/sarto-lavabo-scaled-350x263.jpg 350w, https:\/\/sartoceramica.it\/wp-content\/uploads\/2020\/05\/sarto-lavabo-300x225.jpg 300w, https:\/\/sartoceramica.it\/wp-content\/uploads\/2020\/05\/sarto-lavabo-768x576.jpg 768w, https:\/\/sartoceramica.it\/wp-content\/uploads\/2020\/05\/sarto-lavabo-1536x1152.jpg 1536w, https:\/\/sartoceramica.it\/wp-content\/uploads\/2020\/05\/sarto-lavabo-2048x1536.jpg 2048w\" sizes=\"auto, (max-width: 767px) 89vw, (max-width: 1000px) 54vw, (max-width: 1071px) 543px, 580px\" \/><\/figure>\n\n\n\n<figure class=\"wp-block-image size-large\"><img loading=\"lazy\" decoding=\"async\" width=\"768\" height=\"1024\" src=\"https:\/\/sartoceramica.it\/wp-content\/uploads\/2020\/05\/IMG_5351-768x1024.jpg\" alt=\"\" class=\"wp-image-404\" srcset=\"https:\/\/sartoceramica.it\/wp-content\/uploads\/2020\/05\/IMG_5351-768x1024.jpg 768w, https:\/\/sartoceramica.it\/wp-content\/uploads\/2020\/05\/IMG_5351-scaled-350x467.jpg 350w, https:\/\/sartoceramica.it\/wp-content\/uploads\/2020\/05\/IMG_5351-225x300.jpg 225w, https:\/\/sartoceramica.it\/wp-content\/uploads\/2020\/05\/IMG_5351-1152x1536.jpg 1152w, https:\/\/sartoceramica.it\/wp-content\/uploads\/2020\/05\/IMG_5351-1536x2048.jpg 1536w, https:\/\/sartoceramica.it\/wp-content\/uploads\/2020\/05\/IMG_5351-scaled.jpg 1920w\" sizes=\"auto, (max-width: 767px) 89vw, (max-width: 1000px) 54vw, (max-width: 1071px) 543px, 580px\" \/><\/figure>\n\n\n\n<figure class=\"wp-block-image size-large\"><img loading=\"lazy\" decoding=\"async\" width=\"1024\" height=\"671\" src=\"https:\/\/sartoceramica.it\/wp-content\/uploads\/2020\/05\/Sarto-ekle-monaco-lavabo-1024x671.jpg\" alt=\"\" class=\"wp-image-406\" srcset=\"https:\/\/sartoceramica.it\/wp-content\/uploads\/2020\/05\/Sarto-ekle-monaco-lavabo-1024x671.jpg 1024w, https:\/\/sartoceramica.it\/wp-content\/uploads\/2020\/05\/Sarto-ekle-monaco-lavabo-350x229.jpg 350w, https:\/\/sartoceramica.it\/wp-content\/uploads\/2020\/05\/Sarto-ekle-monaco-lavabo-300x197.jpg 300w, https:\/\/sartoceramica.it\/wp-content\/uploads\/2020\/05\/Sarto-ekle-monaco-lavabo-768x503.jpg 768w, https:\/\/sartoceramica.it\/wp-content\/uploads\/2020\/05\/Sarto-ekle-monaco-lavabo-1536x1006.jpg 1536w, https:\/\/sartoceramica.it\/wp-content\/uploads\/2020\/05\/Sarto-ekle-monaco-lavabo-2048x1342.jpg 2048w\" sizes=\"auto, (max-width: 767px) 89vw, (max-width: 1000px) 54vw, (max-width: 1071px) 543px, 580px\" \/><\/figure>\n","protected":false},"excerpt":{"rendered":"<p>Un lavoro altamente artigiano e curato in ogni dettaglio; tre lavabi da installare su mobili in legno dalla particolare forma in tre diversi colori di gr\u00e8s porcellanato. Dal disegno a matita fino alla realizzazione: Sarto segue ogni fase. Il risultato: lavabi ispezionabili con vasca interna in acciaio AISI304, pi\u00f9 taglio della boiserie anteriore su misura &hellip; <\/p>\n<p class=\"link-more\"><a href=\"https:\/\/sartoceramica.it\/?page_id=403\" class=\"more-link\">Leggi tutto<span class=\"screen-reader-text\"> &#8220;Lavabi su misura per Ekle Monaco&#8221;<\/span><\/a><\/p>\n","protected":false},"author":1,"featured_media":0,"parent":0,"menu_order":0,"comment_status":"closed","ping_status":"closed","template":"","meta":{"footnotes":""},"class_list":["post-403","page","type-page","status-publish","hentry"],"yoast_head":"<!-- This site is optimized with the Yoast SEO plugin v27.5 - https:\/\/yoast.com\/product\/yoast-seo-wordpress\/ -->\n<title>Lavabi su misura per Ekle Monaco - Sarto Ceramica<\/title>\n<meta name=\"robots\" content=\"index, follow, max-snippet:-1, max-image-preview:large, max-video-preview:-1\" \/>\n<link rel=\"canonical\" href=\"https:\/\/sartoceramica.it\/?page_id=403\" \/>\n<meta property=\"og:locale\" content=\"it_IT\" \/>\n<meta property=\"og:type\" content=\"article\" \/>\n<meta property=\"og:title\" content=\"Lavabi su misura per Ekle Monaco - Sarto Ceramica\" \/>\n<meta property=\"og:description\" content=\"Un lavoro altamente artigiano e curato in ogni dettaglio; tre lavabi da installare su mobili in legno dalla particolare forma in tre diversi colori di gr\u00e8s porcellanato. Dal disegno a matita fino alla realizzazione: Sarto segue ogni fase. Il risultato: lavabi ispezionabili con vasca interna in acciaio AISI304, pi\u00f9 taglio della boiserie anteriore su misura &hellip; Leggi tutto &quot;Lavabi su misura per Ekle Monaco&quot;\" \/>\n<meta property=\"og:url\" content=\"https:\/\/sartoceramica.it\/?page_id=403\" \/>\n<meta property=\"og:site_name\" content=\"Sarto Ceramica\" \/>\n<meta property=\"article:publisher\" content=\"https:\/\/www.facebook.com\/SartoCeramicasrl\/?locale=it_IT\" \/>\n<meta property=\"article:modified_time\" content=\"2020-10-13T15:01:41+00:00\" \/>\n<meta property=\"og:image\" content=\"https:\/\/sartoceramica.it\/wp-content\/uploads\/2020\/05\/sarto-lavabo-1024x768.jpg\" \/>\n<meta name=\"twitter:card\" content=\"summary_large_image\" \/>\n<meta name=\"twitter:label1\" content=\"Tempo di lettura stimato\" \/>\n\t<meta name=\"twitter:data1\" content=\"1 minuto\" \/>\n<script type=\"application\/ld+json\" class=\"yoast-schema-graph\">{\"@context\":\"https:\\\/\\\/schema.org\",\"@graph\":[{\"@type\":\"WebPage\",\"@id\":\"https:\\\/\\\/sartoceramica.it\\\/?page_id=403\",\"url\":\"https:\\\/\\\/sartoceramica.it\\\/?page_id=403\",\"name\":\"Lavabi su misura per Ekle Monaco - Sarto Ceramica\",\"isPartOf\":{\"@id\":\"https:\\\/\\\/sartoceramica.it\\\/#website\"},\"primaryImageOfPage\":{\"@id\":\"https:\\\/\\\/sartoceramica.it\\\/?page_id=403#primaryimage\"},\"image\":{\"@id\":\"https:\\\/\\\/sartoceramica.it\\\/?page_id=403#primaryimage\"},\"thumbnailUrl\":\"https:\\\/\\\/sartoceramica.it\\\/wp-content\\\/uploads\\\/2020\\\/05\\\/sarto-lavabo-1024x768.jpg\",\"datePublished\":\"2020-05-05T07:29:17+00:00\",\"dateModified\":\"2020-10-13T15:01:41+00:00\",\"breadcrumb\":{\"@id\":\"https:\\\/\\\/sartoceramica.it\\\/?page_id=403#breadcrumb\"},\"inLanguage\":\"it-IT\",\"potentialAction\":[{\"@type\":\"ReadAction\",\"target\":[\"https:\\\/\\\/sartoceramica.it\\\/?page_id=403\"]}]},{\"@type\":\"ImageObject\",\"inLanguage\":\"it-IT\",\"@id\":\"https:\\\/\\\/sartoceramica.it\\\/?page_id=403#primaryimage\",\"url\":\"https:\\\/\\\/sartoceramica.it\\\/wp-content\\\/uploads\\\/2020\\\/05\\\/sarto-lavabo-scaled.jpg\",\"contentUrl\":\"https:\\\/\\\/sartoceramica.it\\\/wp-content\\\/uploads\\\/2020\\\/05\\\/sarto-lavabo-scaled.jpg\",\"width\":2560,\"height\":1920},{\"@type\":\"BreadcrumbList\",\"@id\":\"https:\\\/\\\/sartoceramica.it\\\/?page_id=403#breadcrumb\",\"itemListElement\":[{\"@type\":\"ListItem\",\"position\":1,\"name\":\"Home\",\"item\":\"https:\\\/\\\/lightgrey-scorpion-978849.hostingersite.com\\\/\"},{\"@type\":\"ListItem\",\"position\":2,\"name\":\"Lavabi su misura per Ekle Monaco\"}]},{\"@type\":\"WebSite\",\"@id\":\"https:\\\/\\\/sartoceramica.it\\\/#website\",\"url\":\"https:\\\/\\\/sartoceramica.it\\\/\",\"name\":\"Sarto Ceramica\",\"description\":\"Home decor in gres porcellanato su misura\",\"publisher\":{\"@id\":\"https:\\\/\\\/sartoceramica.it\\\/#organization\"},\"potentialAction\":[{\"@type\":\"SearchAction\",\"target\":{\"@type\":\"EntryPoint\",\"urlTemplate\":\"https:\\\/\\\/sartoceramica.it\\\/?s={search_term_string}\"},\"query-input\":{\"@type\":\"PropertyValueSpecification\",\"valueRequired\":true,\"valueName\":\"search_term_string\"}}],\"inLanguage\":\"it-IT\"},{\"@type\":\"Organization\",\"@id\":\"https:\\\/\\\/sartoceramica.it\\\/#organization\",\"name\":\"Sarto Ceramica\",\"url\":\"https:\\\/\\\/sartoceramica.it\\\/\",\"logo\":{\"@type\":\"ImageObject\",\"inLanguage\":\"it-IT\",\"@id\":\"https:\\\/\\\/sartoceramica.it\\\/#\\\/schema\\\/logo\\\/image\\\/\",\"url\":\"https:\\\/\\\/sartoceramica.it\\\/wp-content\\\/uploads\\\/2020\\\/02\\\/cropped-logo-png-sarto.png\",\"contentUrl\":\"https:\\\/\\\/sartoceramica.it\\\/wp-content\\\/uploads\\\/2020\\\/02\\\/cropped-logo-png-sarto.png\",\"width\":566,\"height\":250,\"caption\":\"Sarto Ceramica\"},\"image\":{\"@id\":\"https:\\\/\\\/sartoceramica.it\\\/#\\\/schema\\\/logo\\\/image\\\/\"},\"sameAs\":[\"https:\\\/\\\/www.facebook.com\\\/SartoCeramicasrl\\\/?locale=it_IT\",\"https:\\\/\\\/instagram.com\\\/sartoitalia_srl?igshid=MGU3ZTQzNzY=\"]}]}<\/script>\n<!-- \/ Yoast SEO plugin. -->","yoast_head_json":{"title":"Lavabi su misura per Ekle Monaco - Sarto Ceramica","robots":{"index":"index","follow":"follow","max-snippet":"max-snippet:-1","max-image-preview":"max-image-preview:large","max-video-preview":"max-video-preview:-1"},"canonical":"https:\/\/sartoceramica.it\/?page_id=403","og_locale":"it_IT","og_type":"article","og_title":"Lavabi su misura per Ekle Monaco - Sarto Ceramica","og_description":"Un lavoro altamente artigiano e curato in ogni dettaglio; tre lavabi da installare su mobili in legno dalla particolare forma in tre diversi colori di gr\u00e8s porcellanato. Dal disegno a matita fino alla realizzazione: Sarto segue ogni fase. Il risultato: lavabi ispezionabili con vasca interna in acciaio AISI304, pi\u00f9 taglio della boiserie anteriore su misura &hellip; Leggi tutto \"Lavabi su misura per Ekle Monaco\"","og_url":"https:\/\/sartoceramica.it\/?page_id=403","og_site_name":"Sarto Ceramica","article_publisher":"https:\/\/www.facebook.com\/SartoCeramicasrl\/?locale=it_IT","article_modified_time":"2020-10-13T15:01:41+00:00","og_image":[{"url":"https:\/\/sartoceramica.it\/wp-content\/uploads\/2020\/05\/sarto-lavabo-1024x768.jpg","type":"","width":"","height":""}],"twitter_card":"summary_large_image","twitter_misc":{"Tempo di lettura stimato":"1 minuto"},"schema":{"@context":"https:\/\/schema.org","@graph":[{"@type":"WebPage","@id":"https:\/\/sartoceramica.it\/?page_id=403","url":"https:\/\/sartoceramica.it\/?page_id=403","name":"Lavabi su misura per Ekle Monaco - Sarto Ceramica","isPartOf":{"@id":"https:\/\/sartoceramica.it\/#website"},"primaryImageOfPage":{"@id":"https:\/\/sartoceramica.it\/?page_id=403#primaryimage"},"image":{"@id":"https:\/\/sartoceramica.it\/?page_id=403#primaryimage"},"thumbnailUrl":"https:\/\/sartoceramica.it\/wp-content\/uploads\/2020\/05\/sarto-lavabo-1024x768.jpg","datePublished":"2020-05-05T07:29:17+00:00","dateModified":"2020-10-13T15:01:41+00:00","breadcrumb":{"@id":"https:\/\/sartoceramica.it\/?page_id=403#breadcrumb"},"inLanguage":"it-IT","potentialAction":[{"@type":"ReadAction","target":["https:\/\/sartoceramica.it\/?page_id=403"]}]},{"@type":"ImageObject","inLanguage":"it-IT","@id":"https:\/\/sartoceramica.it\/?page_id=403#primaryimage","url":"https:\/\/sartoceramica.it\/wp-content\/uploads\/2020\/05\/sarto-lavabo-scaled.jpg","contentUrl":"https:\/\/sartoceramica.it\/wp-content\/uploads\/2020\/05\/sarto-lavabo-scaled.jpg","width":2560,"height":1920},{"@type":"BreadcrumbList","@id":"https:\/\/sartoceramica.it\/?page_id=403#breadcrumb","itemListElement":[{"@type":"ListItem","position":1,"name":"Home","item":"https:\/\/lightgrey-scorpion-978849.hostingersite.com\/"},{"@type":"ListItem","position":2,"name":"Lavabi su misura per Ekle Monaco"}]},{"@type":"WebSite","@id":"https:\/\/sartoceramica.it\/#website","url":"https:\/\/sartoceramica.it\/","name":"Sarto Ceramica","description":"Home decor in gres porcellanato su misura","publisher":{"@id":"https:\/\/sartoceramica.it\/#organization"},"potentialAction":[{"@type":"SearchAction","target":{"@type":"EntryPoint","urlTemplate":"https:\/\/sartoceramica.it\/?s={search_term_string}"},"query-input":{"@type":"PropertyValueSpecification","valueRequired":true,"valueName":"search_term_string"}}],"inLanguage":"it-IT"},{"@type":"Organization","@id":"https:\/\/sartoceramica.it\/#organization","name":"Sarto Ceramica","url":"https:\/\/sartoceramica.it\/","logo":{"@type":"ImageObject","inLanguage":"it-IT","@id":"https:\/\/sartoceramica.it\/#\/schema\/logo\/image\/","url":"https:\/\/sartoceramica.it\/wp-content\/uploads\/2020\/02\/cropped-logo-png-sarto.png","contentUrl":"https:\/\/sartoceramica.it\/wp-content\/uploads\/2020\/02\/cropped-logo-png-sarto.png","width":566,"height":250,"caption":"Sarto Ceramica"},"image":{"@id":"https:\/\/sartoceramica.it\/#\/schema\/logo\/image\/"},"sameAs":["https:\/\/www.facebook.com\/SartoCeramicasrl\/?locale=it_IT","https:\/\/instagram.com\/sartoitalia_srl?igshid=MGU3ZTQzNzY="]}]}},"jetpack_sharing_enabled":true,"_links":{"self":[{"href":"https:\/\/sartoceramica.it\/index.php?rest_route=\/wp\/v2\/pages\/403","targetHints":{"allow":["GET"]}}],"collection":[{"href":"https:\/\/sartoceramica.it\/index.php?rest_route=\/wp\/v2\/pages"}],"about":[{"href":"https:\/\/sartoceramica.it\/index.php?rest_route=\/wp\/v2\/types\/page"}],"author":[{"embeddable":true,"href":"https:\/\/sartoceramica.it\/index.php?rest_route=\/wp\/v2\/users\/1"}],"replies":[{"embeddable":true,"href":"https:\/\/sartoceramica.it\/index.php?rest_route=%2Fwp%2Fv2%2Fcomments&post=403"}],"version-history":[{"count":2,"href":"https:\/\/sartoceramica.it\/index.php?rest_route=\/wp\/v2\/pages\/403\/revisions"}],"predecessor-version":[{"id":661,"href":"https:\/\/sartoceramica.it\/index.php?rest_route=\/wp\/v2\/pages\/403\/revisions\/661"}],"wp:attachment":[{"href":"https:\/\/sartoceramica.it\/index.php?rest_route=%2Fwp%2Fv2%2Fmedia&parent=403"}],"curies":[{"name":"wp","href":"https:\/\/api.w.org\/{rel}","templated":true}]}}