{"id":408,"date":"2020-05-05T08:22:38","date_gmt":"2020-05-05T08:22:38","guid":{"rendered":"https:\/\/sartoceramica.it\/?page_id=408"},"modified":"2020-10-13T14:24:11","modified_gmt":"2020-10-13T14:24:11","slug":"taglio-idrogetto-per-aeroporto-internazionale-di-ashgabat-turkmenistan-per-casalgrande-padana","status":"publish","type":"page","link":"https:\/\/sartoceramica.it\/?page_id=408","title":{"rendered":"Taglio idrogetto per Aeroporto internazionale di Ashgabat, Turkmenistan per Casalgrande Padana"},"content":{"rendered":"\n<p>Sarto<strong> <em>ha realizzato<\/em><\/strong> i tagli idrogetto per le pavimentazioni dell&#8217; aeroporto di Ashgabat (progetto di Erol Tabanca-Polimeks) per Casalgrande Padana.<\/p>\n\n\n\n<p> Dal rosone centrale di diametro 35 m fino alle pavimentazioni dei negozi: Sarto ha realizzato i programmi di taglio di ogni singolo pezzo, tagliandoli e numerandoli, offrendo sempre una linea diretta con la produzione alla committenza che ha potuto seguire personalmente ogni fase realizzativa di taglio del progetto.<\/p>\n\n\n\n<p>EN<\/p>\n\n\n\n<p>Sarto <strong><em>made the hydro-jet cuts<\/em><\/strong> for the flooring of the Ashgabat airport (project by Erol Tabanca-Polimeks) for Casalgrande Padana.<\/p>\n\n\n\n<p>Everything was hydrojet cutted: from the central rosette with a diameter of 35 m, to the floors of the shops. Sarto created the cutting programs for each individual piece, cutting and numbering them, always offering a direct line with production to the client who was able to personally follow each production phase of cutting the project.<\/p>\n\n\n\n<p>FR<\/p>\n\n\n\n<p>Sarto <strong>a r\u00e9alis\u00e9 les coupes hydrojet<\/strong> pour le rev\u00eatement de sol de l&#8217;a\u00e9roport d&#8217;Ashgabat (projet Erol Tabanca-Polimeks) pour Casalgrande Padana.<\/p>\n\n\n\n<p>La rosace centrale d&#8217;un diam\u00e8tre de 35 m, les planchers des magasins et les couloirs: Sarto a cr\u00e9\u00e9 les programmes de coupe pour chaque pi\u00e8ce individuelle, les coupant et les num\u00e9rotant, offrant toujours une ligne directe avec la production au client qui a pu suivre personnellement chaque phase de production de coupe du projet.<\/p>\n\n\n\n<figure class=\"wp-block-image size-large\"><img loading=\"lazy\" decoding=\"async\" width=\"683\" height=\"1024\" src=\"https:\/\/sartoceramica.it\/wp-content\/uploads\/2020\/02\/casalgrande-aeroporto2-683x1024.gif\" alt=\"\" class=\"wp-image-253\" srcset=\"https:\/\/sartoceramica.it\/wp-content\/uploads\/2020\/02\/casalgrande-aeroporto2-683x1024.gif 683w, https:\/\/sartoceramica.it\/wp-content\/uploads\/2020\/02\/casalgrande-aeroporto2-350x525.gif 350w, https:\/\/sartoceramica.it\/wp-content\/uploads\/2020\/02\/casalgrande-aeroporto2-200x300.gif 200w, https:\/\/sartoceramica.it\/wp-content\/uploads\/2020\/02\/casalgrande-aeroporto2-768x1152.gif 768w, https:\/\/sartoceramica.it\/wp-content\/uploads\/2020\/02\/casalgrande-aeroporto2-1024x1536.gif 1024w, https:\/\/sartoceramica.it\/wp-content\/uploads\/2020\/02\/casalgrande-aeroporto2-1365x2048.gif 1365w\" sizes=\"auto, (max-width: 683px) 100vw, 683px\" \/><\/figure>\n\n\n\n<figure class=\"wp-block-gallery columns-1 is-cropped wp-block-gallery-1 is-layout-flex wp-block-gallery-is-layout-flex\"><ul class=\"blocks-gallery-grid\"><li class=\"blocks-gallery-item\"><figure><img loading=\"lazy\" decoding=\"async\" width=\"682\" height=\"1024\" src=\"https:\/\/sartoceramica.it\/wp-content\/uploads\/2020\/05\/casalgrande-aeroporto-682x1024.gif\" alt=\"\" data-id=\"409\" data-full-url=\"https:\/\/sartoceramica.it\/wp-content\/uploads\/2020\/05\/casalgrande-aeroporto.gif\" data-link=\"https:\/\/sartoceramica.it\/?attachment_id=409\" class=\"wp-image-409\" srcset=\"https:\/\/sartoceramica.it\/wp-content\/uploads\/2020\/05\/casalgrande-aeroporto-682x1024.gif 682w, https:\/\/sartoceramica.it\/wp-content\/uploads\/2020\/05\/casalgrande-aeroporto-350x526.gif 350w, https:\/\/sartoceramica.it\/wp-content\/uploads\/2020\/05\/casalgrande-aeroporto-200x300.gif 200w, https:\/\/sartoceramica.it\/wp-content\/uploads\/2020\/05\/casalgrande-aeroporto-768x1154.gif 768w, https:\/\/sartoceramica.it\/wp-content\/uploads\/2020\/05\/casalgrande-aeroporto-1022x1536.gif 1022w, https:\/\/sartoceramica.it\/wp-content\/uploads\/2020\/05\/casalgrande-aeroporto-1363x2048.gif 1363w\" sizes=\"auto, (max-width: 682px) 100vw, 682px\" \/><\/figure><\/li><\/ul><\/figure>\n\n\n\n<figure class=\"wp-block-gallery columns-1 is-cropped wp-block-gallery-2 is-layout-flex wp-block-gallery-is-layout-flex\"><ul class=\"blocks-gallery-grid\"><li class=\"blocks-gallery-item\"><figure><img loading=\"lazy\" decoding=\"async\" width=\"1024\" height=\"739\" src=\"https:\/\/sartoceramica.it\/wp-content\/uploads\/2020\/05\/SARTO-AEROPORTO-DISEGNI-TAGLIO-IDROGETTO-1024x739.gif\" alt=\"\" data-id=\"410\" data-full-url=\"https:\/\/sartoceramica.it\/wp-content\/uploads\/2020\/05\/SARTO-AEROPORTO-DISEGNI-TAGLIO-IDROGETTO.gif\" data-link=\"https:\/\/sartoceramica.it\/?attachment_id=410\" class=\"wp-image-410\" srcset=\"https:\/\/sartoceramica.it\/wp-content\/uploads\/2020\/05\/SARTO-AEROPORTO-DISEGNI-TAGLIO-IDROGETTO-1024x739.gif 1024w, https:\/\/sartoceramica.it\/wp-content\/uploads\/2020\/05\/SARTO-AEROPORTO-DISEGNI-TAGLIO-IDROGETTO-350x253.gif 350w, https:\/\/sartoceramica.it\/wp-content\/uploads\/2020\/05\/SARTO-AEROPORTO-DISEGNI-TAGLIO-IDROGETTO-300x217.gif 300w, https:\/\/sartoceramica.it\/wp-content\/uploads\/2020\/05\/SARTO-AEROPORTO-DISEGNI-TAGLIO-IDROGETTO-768x554.gif 768w, https:\/\/sartoceramica.it\/wp-content\/uploads\/2020\/05\/SARTO-AEROPORTO-DISEGNI-TAGLIO-IDROGETTO-1536x1109.gif 1536w\" sizes=\"auto, (max-width: 767px) 89vw, (max-width: 1000px) 54vw, (max-width: 1071px) 543px, 580px\" \/><\/figure><\/li><\/ul><\/figure>\n","protected":false},"excerpt":{"rendered":"<p>Sarto ha realizzato i tagli idrogetto per le pavimentazioni dell&#8217; aeroporto di Ashgabat (progetto di Erol Tabanca-Polimeks) per Casalgrande Padana. Dal rosone centrale di diametro 35 m fino alle pavimentazioni dei negozi: Sarto ha realizzato i programmi di taglio di ogni singolo pezzo, tagliandoli e numerandoli, offrendo sempre una linea diretta con la produzione alla &hellip; <\/p>\n<p class=\"link-more\"><a href=\"https:\/\/sartoceramica.it\/?page_id=408\" class=\"more-link\">Leggi tutto<span class=\"screen-reader-text\"> &#8220;Taglio idrogetto per Aeroporto internazionale di Ashgabat, Turkmenistan per Casalgrande Padana&#8221;<\/span><\/a><\/p>\n","protected":false},"author":1,"featured_media":0,"parent":0,"menu_order":0,"comment_status":"closed","ping_status":"closed","template":"","meta":{"footnotes":""},"class_list":["post-408","page","type-page","status-publish","hentry"],"yoast_head":"<!-- This site is optimized with the Yoast SEO plugin v27.5 - https:\/\/yoast.com\/product\/yoast-seo-wordpress\/ -->\n<title>Taglio idrogetto per Aeroporto internazionale di Ashgabat, Turkmenistan per Casalgrande Padana - Sarto Ceramica<\/title>\n<meta name=\"robots\" content=\"index, follow, max-snippet:-1, max-image-preview:large, max-video-preview:-1\" \/>\n<link rel=\"canonical\" href=\"https:\/\/sartoceramica.it\/?page_id=408\" \/>\n<meta property=\"og:locale\" content=\"it_IT\" \/>\n<meta property=\"og:type\" content=\"article\" \/>\n<meta property=\"og:title\" content=\"Taglio idrogetto per Aeroporto internazionale di Ashgabat, Turkmenistan per Casalgrande Padana - Sarto Ceramica\" \/>\n<meta property=\"og:description\" content=\"Sarto ha realizzato i tagli idrogetto per le pavimentazioni dell&#8217; aeroporto di Ashgabat (progetto di Erol Tabanca-Polimeks) per Casalgrande Padana. Dal rosone centrale di diametro 35 m fino alle pavimentazioni dei negozi: Sarto ha realizzato i programmi di taglio di ogni singolo pezzo, tagliandoli e numerandoli, offrendo sempre una linea diretta con la produzione alla &hellip; Leggi tutto &quot;Taglio idrogetto per Aeroporto internazionale di Ashgabat, Turkmenistan per Casalgrande Padana&quot;\" \/>\n<meta property=\"og:url\" content=\"https:\/\/sartoceramica.it\/?page_id=408\" \/>\n<meta property=\"og:site_name\" content=\"Sarto Ceramica\" \/>\n<meta property=\"article:publisher\" content=\"https:\/\/www.facebook.com\/SartoCeramicasrl\/?locale=it_IT\" \/>\n<meta property=\"article:modified_time\" content=\"2020-10-13T14:24:11+00:00\" \/>\n<meta property=\"og:image\" content=\"https:\/\/sartoceramica.it\/wp-content\/uploads\/2020\/02\/casalgrande-aeroporto2-683x1024.gif\" \/>\n<meta name=\"twitter:card\" content=\"summary_large_image\" \/>\n<meta name=\"twitter:label1\" content=\"Tempo di lettura stimato\" \/>\n\t<meta name=\"twitter:data1\" content=\"1 minuto\" \/>\n<script type=\"application\/ld+json\" class=\"yoast-schema-graph\">{\"@context\":\"https:\\\/\\\/schema.org\",\"@graph\":[{\"@type\":\"WebPage\",\"@id\":\"https:\\\/\\\/sartoceramica.it\\\/?page_id=408\",\"url\":\"https:\\\/\\\/sartoceramica.it\\\/?page_id=408\",\"name\":\"Taglio idrogetto per Aeroporto internazionale di Ashgabat, Turkmenistan per Casalgrande Padana - Sarto Ceramica\",\"isPartOf\":{\"@id\":\"https:\\\/\\\/sartoceramica.it\\\/#website\"},\"primaryImageOfPage\":{\"@id\":\"https:\\\/\\\/sartoceramica.it\\\/?page_id=408#primaryimage\"},\"image\":{\"@id\":\"https:\\\/\\\/sartoceramica.it\\\/?page_id=408#primaryimage\"},\"thumbnailUrl\":\"https:\\\/\\\/sartoceramica.it\\\/wp-content\\\/uploads\\\/2020\\\/02\\\/casalgrande-aeroporto2-683x1024.gif\",\"datePublished\":\"2020-05-05T08:22:38+00:00\",\"dateModified\":\"2020-10-13T14:24:11+00:00\",\"breadcrumb\":{\"@id\":\"https:\\\/\\\/sartoceramica.it\\\/?page_id=408#breadcrumb\"},\"inLanguage\":\"it-IT\",\"potentialAction\":[{\"@type\":\"ReadAction\",\"target\":[\"https:\\\/\\\/sartoceramica.it\\\/?page_id=408\"]}]},{\"@type\":\"ImageObject\",\"inLanguage\":\"it-IT\",\"@id\":\"https:\\\/\\\/sartoceramica.it\\\/?page_id=408#primaryimage\",\"url\":\"https:\\\/\\\/sartoceramica.it\\\/wp-content\\\/uploads\\\/2020\\\/02\\\/casalgrande-aeroporto2.gif\",\"contentUrl\":\"https:\\\/\\\/sartoceramica.it\\\/wp-content\\\/uploads\\\/2020\\\/02\\\/casalgrande-aeroporto2.gif\",\"width\":1600,\"height\":2400},{\"@type\":\"BreadcrumbList\",\"@id\":\"https:\\\/\\\/sartoceramica.it\\\/?page_id=408#breadcrumb\",\"itemListElement\":[{\"@type\":\"ListItem\",\"position\":1,\"name\":\"Home\",\"item\":\"https:\\\/\\\/lightgrey-scorpion-978849.hostingersite.com\\\/\"},{\"@type\":\"ListItem\",\"position\":2,\"name\":\"Taglio idrogetto per Aeroporto internazionale di Ashgabat, Turkmenistan per Casalgrande Padana\"}]},{\"@type\":\"WebSite\",\"@id\":\"https:\\\/\\\/sartoceramica.it\\\/#website\",\"url\":\"https:\\\/\\\/sartoceramica.it\\\/\",\"name\":\"Sarto Ceramica\",\"description\":\"Home decor in gres porcellanato su misura\",\"publisher\":{\"@id\":\"https:\\\/\\\/sartoceramica.it\\\/#organization\"},\"potentialAction\":[{\"@type\":\"SearchAction\",\"target\":{\"@type\":\"EntryPoint\",\"urlTemplate\":\"https:\\\/\\\/sartoceramica.it\\\/?s={search_term_string}\"},\"query-input\":{\"@type\":\"PropertyValueSpecification\",\"valueRequired\":true,\"valueName\":\"search_term_string\"}}],\"inLanguage\":\"it-IT\"},{\"@type\":\"Organization\",\"@id\":\"https:\\\/\\\/sartoceramica.it\\\/#organization\",\"name\":\"Sarto Ceramica\",\"url\":\"https:\\\/\\\/sartoceramica.it\\\/\",\"logo\":{\"@type\":\"ImageObject\",\"inLanguage\":\"it-IT\",\"@id\":\"https:\\\/\\\/sartoceramica.it\\\/#\\\/schema\\\/logo\\\/image\\\/\",\"url\":\"https:\\\/\\\/sartoceramica.it\\\/wp-content\\\/uploads\\\/2020\\\/02\\\/cropped-logo-png-sarto.png\",\"contentUrl\":\"https:\\\/\\\/sartoceramica.it\\\/wp-content\\\/uploads\\\/2020\\\/02\\\/cropped-logo-png-sarto.png\",\"width\":566,\"height\":250,\"caption\":\"Sarto Ceramica\"},\"image\":{\"@id\":\"https:\\\/\\\/sartoceramica.it\\\/#\\\/schema\\\/logo\\\/image\\\/\"},\"sameAs\":[\"https:\\\/\\\/www.facebook.com\\\/SartoCeramicasrl\\\/?locale=it_IT\",\"https:\\\/\\\/instagram.com\\\/sartoitalia_srl?igshid=MGU3ZTQzNzY=\"]}]}<\/script>\n<!-- \/ Yoast SEO plugin. -->","yoast_head_json":{"title":"Taglio idrogetto per Aeroporto internazionale di Ashgabat, Turkmenistan per Casalgrande Padana - Sarto Ceramica","robots":{"index":"index","follow":"follow","max-snippet":"max-snippet:-1","max-image-preview":"max-image-preview:large","max-video-preview":"max-video-preview:-1"},"canonical":"https:\/\/sartoceramica.it\/?page_id=408","og_locale":"it_IT","og_type":"article","og_title":"Taglio idrogetto per Aeroporto internazionale di Ashgabat, Turkmenistan per Casalgrande Padana - Sarto Ceramica","og_description":"Sarto ha realizzato i tagli idrogetto per le pavimentazioni dell&#8217; aeroporto di Ashgabat (progetto di Erol Tabanca-Polimeks) per Casalgrande Padana. Dal rosone centrale di diametro 35 m fino alle pavimentazioni dei negozi: Sarto ha realizzato i programmi di taglio di ogni singolo pezzo, tagliandoli e numerandoli, offrendo sempre una linea diretta con la produzione alla &hellip; Leggi tutto \"Taglio idrogetto per Aeroporto internazionale di Ashgabat, Turkmenistan per Casalgrande Padana\"","og_url":"https:\/\/sartoceramica.it\/?page_id=408","og_site_name":"Sarto Ceramica","article_publisher":"https:\/\/www.facebook.com\/SartoCeramicasrl\/?locale=it_IT","article_modified_time":"2020-10-13T14:24:11+00:00","og_image":[{"url":"https:\/\/sartoceramica.it\/wp-content\/uploads\/2020\/02\/casalgrande-aeroporto2-683x1024.gif","type":"","width":"","height":""}],"twitter_card":"summary_large_image","twitter_misc":{"Tempo di lettura stimato":"1 minuto"},"schema":{"@context":"https:\/\/schema.org","@graph":[{"@type":"WebPage","@id":"https:\/\/sartoceramica.it\/?page_id=408","url":"https:\/\/sartoceramica.it\/?page_id=408","name":"Taglio idrogetto per Aeroporto internazionale di Ashgabat, Turkmenistan per Casalgrande Padana - Sarto Ceramica","isPartOf":{"@id":"https:\/\/sartoceramica.it\/#website"},"primaryImageOfPage":{"@id":"https:\/\/sartoceramica.it\/?page_id=408#primaryimage"},"image":{"@id":"https:\/\/sartoceramica.it\/?page_id=408#primaryimage"},"thumbnailUrl":"https:\/\/sartoceramica.it\/wp-content\/uploads\/2020\/02\/casalgrande-aeroporto2-683x1024.gif","datePublished":"2020-05-05T08:22:38+00:00","dateModified":"2020-10-13T14:24:11+00:00","breadcrumb":{"@id":"https:\/\/sartoceramica.it\/?page_id=408#breadcrumb"},"inLanguage":"it-IT","potentialAction":[{"@type":"ReadAction","target":["https:\/\/sartoceramica.it\/?page_id=408"]}]},{"@type":"ImageObject","inLanguage":"it-IT","@id":"https:\/\/sartoceramica.it\/?page_id=408#primaryimage","url":"https:\/\/sartoceramica.it\/wp-content\/uploads\/2020\/02\/casalgrande-aeroporto2.gif","contentUrl":"https:\/\/sartoceramica.it\/wp-content\/uploads\/2020\/02\/casalgrande-aeroporto2.gif","width":1600,"height":2400},{"@type":"BreadcrumbList","@id":"https:\/\/sartoceramica.it\/?page_id=408#breadcrumb","itemListElement":[{"@type":"ListItem","position":1,"name":"Home","item":"https:\/\/lightgrey-scorpion-978849.hostingersite.com\/"},{"@type":"ListItem","position":2,"name":"Taglio idrogetto per Aeroporto internazionale di Ashgabat, Turkmenistan per Casalgrande Padana"}]},{"@type":"WebSite","@id":"https:\/\/sartoceramica.it\/#website","url":"https:\/\/sartoceramica.it\/","name":"Sarto Ceramica","description":"Home decor in gres porcellanato su misura","publisher":{"@id":"https:\/\/sartoceramica.it\/#organization"},"potentialAction":[{"@type":"SearchAction","target":{"@type":"EntryPoint","urlTemplate":"https:\/\/sartoceramica.it\/?s={search_term_string}"},"query-input":{"@type":"PropertyValueSpecification","valueRequired":true,"valueName":"search_term_string"}}],"inLanguage":"it-IT"},{"@type":"Organization","@id":"https:\/\/sartoceramica.it\/#organization","name":"Sarto Ceramica","url":"https:\/\/sartoceramica.it\/","logo":{"@type":"ImageObject","inLanguage":"it-IT","@id":"https:\/\/sartoceramica.it\/#\/schema\/logo\/image\/","url":"https:\/\/sartoceramica.it\/wp-content\/uploads\/2020\/02\/cropped-logo-png-sarto.png","contentUrl":"https:\/\/sartoceramica.it\/wp-content\/uploads\/2020\/02\/cropped-logo-png-sarto.png","width":566,"height":250,"caption":"Sarto Ceramica"},"image":{"@id":"https:\/\/sartoceramica.it\/#\/schema\/logo\/image\/"},"sameAs":["https:\/\/www.facebook.com\/SartoCeramicasrl\/?locale=it_IT","https:\/\/instagram.com\/sartoitalia_srl?igshid=MGU3ZTQzNzY="]}]}},"jetpack_sharing_enabled":true,"_links":{"self":[{"href":"https:\/\/sartoceramica.it\/index.php?rest_route=\/wp\/v2\/pages\/408","targetHints":{"allow":["GET"]}}],"collection":[{"href":"https:\/\/sartoceramica.it\/index.php?rest_route=\/wp\/v2\/pages"}],"about":[{"href":"https:\/\/sartoceramica.it\/index.php?rest_route=\/wp\/v2\/types\/page"}],"author":[{"embeddable":true,"href":"https:\/\/sartoceramica.it\/index.php?rest_route=\/wp\/v2\/users\/1"}],"replies":[{"embeddable":true,"href":"https:\/\/sartoceramica.it\/index.php?rest_route=%2Fwp%2Fv2%2Fcomments&post=408"}],"version-history":[{"count":2,"href":"https:\/\/sartoceramica.it\/index.php?rest_route=\/wp\/v2\/pages\/408\/revisions"}],"predecessor-version":[{"id":653,"href":"https:\/\/sartoceramica.it\/index.php?rest_route=\/wp\/v2\/pages\/408\/revisions\/653"}],"wp:attachment":[{"href":"https:\/\/sartoceramica.it\/index.php?rest_route=%2Fwp%2Fv2%2Fmedia&parent=408"}],"curies":[{"name":"wp","href":"https:\/\/api.w.org\/{rel}","templated":true}]}}