{"id":437,"date":"2020-09-01T13:01:26","date_gmt":"2020-09-01T13:01:26","guid":{"rendered":"https:\/\/sartoceramica.it\/?page_id=437"},"modified":"2021-11-16T08:53:19","modified_gmt":"2021-11-16T08:53:19","slug":"logo-inciso-per-universita-ca-foscari-di-venezia","status":"publish","type":"page","link":"https:\/\/sartoceramica.it\/?page_id=437","title":{"rendered":"Logo inciso per Universit\u00e0 C\u00e0 Foscari di Venezia"},"content":{"rendered":"\n<p><strong>Il logo<\/strong> per l&#8217;universit\u00e0 C\u00e0 Foscari \u00e8 stato suddiviso su 16 mattonelle di gr\u00e8s porcellanato 60&#215;60 nero antracite e inciso a laser: indelebile e resistente.<br>Una lavorazione che permette di riportare uno storico logo sulla moderna ceramica, per un sicuro effetto scenografico e al contempo elegante.<\/p>\n\n\n\n<p><strong>The logo<\/strong> for the C\u00e0 Foscari university has been divided into 16 stone-effect 60&#215;60 porcelain tiles, engraved: indelible and resistant.<br>A process that allows to create a historic logo onto modern ceramic, for a scenographic and at the same time elegant effect.<\/p>\n\n\n\n<p><strong>Le logo<\/strong> de l&#8217;universit\u00e9 C\u00e0 Foscari est divis\u00e9 en 16 gr\u00e8s c\u00e9rame effet pierre 60&#215;60, grav\u00e9s: ind\u00e9l\u00e9biles et r\u00e9sistants.<br>Un proc\u00e9d\u00e9 qui permet d&#8217;apporter un logo historique sur la c\u00e9ramique moderne, pour un effet sc\u00e9nographique s\u00fbr et en m\u00eame temps \u00e9l\u00e9gant.<\/p>\n\n\n\n<p><\/p>\n\n\n\n<figure class=\"wp-block-image size-large\"><a href=\"https:\/\/sartoceramica.it\/wp-content\/uploads\/2021\/11\/logo-ca-foscari-sarto-incisione-laser.gif\"><img loading=\"lazy\" decoding=\"async\" width=\"1024\" height=\"768\" src=\"https:\/\/sartoceramica.it\/wp-content\/uploads\/2021\/11\/logo-ca-foscari-sarto-incisione-laser-1024x768.gif\" alt=\"\" class=\"wp-image-760\" srcset=\"https:\/\/sartoceramica.it\/wp-content\/uploads\/2021\/11\/logo-ca-foscari-sarto-incisione-laser-1024x768.gif 1024w, https:\/\/sartoceramica.it\/wp-content\/uploads\/2021\/11\/logo-ca-foscari-sarto-incisione-laser-350x263.gif 350w, https:\/\/sartoceramica.it\/wp-content\/uploads\/2021\/11\/logo-ca-foscari-sarto-incisione-laser-300x225.gif 300w, https:\/\/sartoceramica.it\/wp-content\/uploads\/2021\/11\/logo-ca-foscari-sarto-incisione-laser-768x576.gif 768w, https:\/\/sartoceramica.it\/wp-content\/uploads\/2021\/11\/logo-ca-foscari-sarto-incisione-laser-1536x1152.gif 1536w\" sizes=\"auto, (max-width: 767px) 89vw, (max-width: 1000px) 54vw, (max-width: 1071px) 543px, 580px\" \/><\/a><\/figure>\n","protected":false},"excerpt":{"rendered":"<p>Il logo per l&#8217;universit\u00e0 C\u00e0 Foscari \u00e8 stato suddiviso su 16 mattonelle di gr\u00e8s porcellanato 60&#215;60 nero antracite e inciso a laser: indelebile e resistente.Una lavorazione che permette di riportare uno storico logo sulla moderna ceramica, per un sicuro effetto scenografico e al contempo elegante. The logo for the C\u00e0 Foscari university has been divided &hellip; <\/p>\n<p class=\"link-more\"><a href=\"https:\/\/sartoceramica.it\/?page_id=437\" class=\"more-link\">Leggi tutto<span class=\"screen-reader-text\"> &#8220;Logo inciso per Universit\u00e0 C\u00e0 Foscari di Venezia&#8221;<\/span><\/a><\/p>\n","protected":false},"author":1,"featured_media":0,"parent":0,"menu_order":0,"comment_status":"closed","ping_status":"closed","template":"","meta":{"footnotes":""},"class_list":["post-437","page","type-page","status-publish","hentry"],"yoast_head":"<!-- This site is optimized with the Yoast SEO plugin v27.5 - https:\/\/yoast.com\/product\/yoast-seo-wordpress\/ -->\n<title>Logo inciso per Universit\u00e0 C\u00e0 Foscari di Venezia - Sarto Ceramica<\/title>\n<meta name=\"robots\" content=\"index, follow, max-snippet:-1, max-image-preview:large, max-video-preview:-1\" \/>\n<link rel=\"canonical\" href=\"https:\/\/sartoceramica.it\/?page_id=437\" \/>\n<meta property=\"og:locale\" content=\"it_IT\" \/>\n<meta property=\"og:type\" content=\"article\" \/>\n<meta property=\"og:title\" content=\"Logo inciso per Universit\u00e0 C\u00e0 Foscari di Venezia - Sarto Ceramica\" \/>\n<meta property=\"og:description\" content=\"Il logo per l&#8217;universit\u00e0 C\u00e0 Foscari \u00e8 stato suddiviso su 16 mattonelle di gr\u00e8s porcellanato 60&#215;60 nero antracite e inciso a laser: indelebile e resistente.Una lavorazione che permette di riportare uno storico logo sulla moderna ceramica, per un sicuro effetto scenografico e al contempo elegante. The logo for the C\u00e0 Foscari university has been divided &hellip; Leggi tutto &quot;Logo inciso per Universit\u00e0 C\u00e0 Foscari di Venezia&quot;\" \/>\n<meta property=\"og:url\" content=\"https:\/\/sartoceramica.it\/?page_id=437\" \/>\n<meta property=\"og:site_name\" content=\"Sarto Ceramica\" \/>\n<meta property=\"article:publisher\" content=\"https:\/\/www.facebook.com\/SartoCeramicasrl\/?locale=it_IT\" \/>\n<meta property=\"article:modified_time\" content=\"2021-11-16T08:53:19+00:00\" \/>\n<meta property=\"og:image\" content=\"https:\/\/sartoceramica.it\/wp-content\/uploads\/2021\/11\/logo-ca-foscari-sarto-incisione-laser-1024x768.gif\" \/>\n<meta name=\"twitter:card\" content=\"summary_large_image\" \/>\n<meta name=\"twitter:label1\" content=\"Tempo di lettura stimato\" \/>\n\t<meta name=\"twitter:data1\" content=\"1 minuto\" \/>\n<script type=\"application\/ld+json\" class=\"yoast-schema-graph\">{\"@context\":\"https:\\\/\\\/schema.org\",\"@graph\":[{\"@type\":\"WebPage\",\"@id\":\"https:\\\/\\\/sartoceramica.it\\\/?page_id=437\",\"url\":\"https:\\\/\\\/sartoceramica.it\\\/?page_id=437\",\"name\":\"Logo inciso per Universit\u00e0 C\u00e0 Foscari di Venezia - Sarto Ceramica\",\"isPartOf\":{\"@id\":\"https:\\\/\\\/sartoceramica.it\\\/#website\"},\"primaryImageOfPage\":{\"@id\":\"https:\\\/\\\/sartoceramica.it\\\/?page_id=437#primaryimage\"},\"image\":{\"@id\":\"https:\\\/\\\/sartoceramica.it\\\/?page_id=437#primaryimage\"},\"thumbnailUrl\":\"https:\\\/\\\/sartoceramica.it\\\/wp-content\\\/uploads\\\/2021\\\/11\\\/logo-ca-foscari-sarto-incisione-laser-1024x768.gif\",\"datePublished\":\"2020-09-01T13:01:26+00:00\",\"dateModified\":\"2021-11-16T08:53:19+00:00\",\"breadcrumb\":{\"@id\":\"https:\\\/\\\/sartoceramica.it\\\/?page_id=437#breadcrumb\"},\"inLanguage\":\"it-IT\",\"potentialAction\":[{\"@type\":\"ReadAction\",\"target\":[\"https:\\\/\\\/sartoceramica.it\\\/?page_id=437\"]}]},{\"@type\":\"ImageObject\",\"inLanguage\":\"it-IT\",\"@id\":\"https:\\\/\\\/sartoceramica.it\\\/?page_id=437#primaryimage\",\"url\":\"https:\\\/\\\/sartoceramica.it\\\/wp-content\\\/uploads\\\/2021\\\/11\\\/logo-ca-foscari-sarto-incisione-laser.gif\",\"contentUrl\":\"https:\\\/\\\/sartoceramica.it\\\/wp-content\\\/uploads\\\/2021\\\/11\\\/logo-ca-foscari-sarto-incisione-laser.gif\",\"width\":1600,\"height\":1200},{\"@type\":\"BreadcrumbList\",\"@id\":\"https:\\\/\\\/sartoceramica.it\\\/?page_id=437#breadcrumb\",\"itemListElement\":[{\"@type\":\"ListItem\",\"position\":1,\"name\":\"Home\",\"item\":\"https:\\\/\\\/lightgrey-scorpion-978849.hostingersite.com\\\/\"},{\"@type\":\"ListItem\",\"position\":2,\"name\":\"Logo inciso per Universit\u00e0 C\u00e0 Foscari di Venezia\"}]},{\"@type\":\"WebSite\",\"@id\":\"https:\\\/\\\/sartoceramica.it\\\/#website\",\"url\":\"https:\\\/\\\/sartoceramica.it\\\/\",\"name\":\"Sarto Ceramica\",\"description\":\"Home decor in gres porcellanato su misura\",\"publisher\":{\"@id\":\"https:\\\/\\\/sartoceramica.it\\\/#organization\"},\"potentialAction\":[{\"@type\":\"SearchAction\",\"target\":{\"@type\":\"EntryPoint\",\"urlTemplate\":\"https:\\\/\\\/sartoceramica.it\\\/?s={search_term_string}\"},\"query-input\":{\"@type\":\"PropertyValueSpecification\",\"valueRequired\":true,\"valueName\":\"search_term_string\"}}],\"inLanguage\":\"it-IT\"},{\"@type\":\"Organization\",\"@id\":\"https:\\\/\\\/sartoceramica.it\\\/#organization\",\"name\":\"Sarto Ceramica\",\"url\":\"https:\\\/\\\/sartoceramica.it\\\/\",\"logo\":{\"@type\":\"ImageObject\",\"inLanguage\":\"it-IT\",\"@id\":\"https:\\\/\\\/sartoceramica.it\\\/#\\\/schema\\\/logo\\\/image\\\/\",\"url\":\"https:\\\/\\\/sartoceramica.it\\\/wp-content\\\/uploads\\\/2020\\\/02\\\/cropped-logo-png-sarto.png\",\"contentUrl\":\"https:\\\/\\\/sartoceramica.it\\\/wp-content\\\/uploads\\\/2020\\\/02\\\/cropped-logo-png-sarto.png\",\"width\":566,\"height\":250,\"caption\":\"Sarto Ceramica\"},\"image\":{\"@id\":\"https:\\\/\\\/sartoceramica.it\\\/#\\\/schema\\\/logo\\\/image\\\/\"},\"sameAs\":[\"https:\\\/\\\/www.facebook.com\\\/SartoCeramicasrl\\\/?locale=it_IT\",\"https:\\\/\\\/instagram.com\\\/sartoitalia_srl?igshid=MGU3ZTQzNzY=\"]}]}<\/script>\n<!-- \/ Yoast SEO plugin. -->","yoast_head_json":{"title":"Logo inciso per Universit\u00e0 C\u00e0 Foscari di Venezia - Sarto Ceramica","robots":{"index":"index","follow":"follow","max-snippet":"max-snippet:-1","max-image-preview":"max-image-preview:large","max-video-preview":"max-video-preview:-1"},"canonical":"https:\/\/sartoceramica.it\/?page_id=437","og_locale":"it_IT","og_type":"article","og_title":"Logo inciso per Universit\u00e0 C\u00e0 Foscari di Venezia - Sarto Ceramica","og_description":"Il logo per l&#8217;universit\u00e0 C\u00e0 Foscari \u00e8 stato suddiviso su 16 mattonelle di gr\u00e8s porcellanato 60&#215;60 nero antracite e inciso a laser: indelebile e resistente.Una lavorazione che permette di riportare uno storico logo sulla moderna ceramica, per un sicuro effetto scenografico e al contempo elegante. The logo for the C\u00e0 Foscari university has been divided &hellip; Leggi tutto \"Logo inciso per Universit\u00e0 C\u00e0 Foscari di Venezia\"","og_url":"https:\/\/sartoceramica.it\/?page_id=437","og_site_name":"Sarto Ceramica","article_publisher":"https:\/\/www.facebook.com\/SartoCeramicasrl\/?locale=it_IT","article_modified_time":"2021-11-16T08:53:19+00:00","og_image":[{"url":"https:\/\/sartoceramica.it\/wp-content\/uploads\/2021\/11\/logo-ca-foscari-sarto-incisione-laser-1024x768.gif","type":"","width":"","height":""}],"twitter_card":"summary_large_image","twitter_misc":{"Tempo di lettura stimato":"1 minuto"},"schema":{"@context":"https:\/\/schema.org","@graph":[{"@type":"WebPage","@id":"https:\/\/sartoceramica.it\/?page_id=437","url":"https:\/\/sartoceramica.it\/?page_id=437","name":"Logo inciso per Universit\u00e0 C\u00e0 Foscari di Venezia - Sarto Ceramica","isPartOf":{"@id":"https:\/\/sartoceramica.it\/#website"},"primaryImageOfPage":{"@id":"https:\/\/sartoceramica.it\/?page_id=437#primaryimage"},"image":{"@id":"https:\/\/sartoceramica.it\/?page_id=437#primaryimage"},"thumbnailUrl":"https:\/\/sartoceramica.it\/wp-content\/uploads\/2021\/11\/logo-ca-foscari-sarto-incisione-laser-1024x768.gif","datePublished":"2020-09-01T13:01:26+00:00","dateModified":"2021-11-16T08:53:19+00:00","breadcrumb":{"@id":"https:\/\/sartoceramica.it\/?page_id=437#breadcrumb"},"inLanguage":"it-IT","potentialAction":[{"@type":"ReadAction","target":["https:\/\/sartoceramica.it\/?page_id=437"]}]},{"@type":"ImageObject","inLanguage":"it-IT","@id":"https:\/\/sartoceramica.it\/?page_id=437#primaryimage","url":"https:\/\/sartoceramica.it\/wp-content\/uploads\/2021\/11\/logo-ca-foscari-sarto-incisione-laser.gif","contentUrl":"https:\/\/sartoceramica.it\/wp-content\/uploads\/2021\/11\/logo-ca-foscari-sarto-incisione-laser.gif","width":1600,"height":1200},{"@type":"BreadcrumbList","@id":"https:\/\/sartoceramica.it\/?page_id=437#breadcrumb","itemListElement":[{"@type":"ListItem","position":1,"name":"Home","item":"https:\/\/lightgrey-scorpion-978849.hostingersite.com\/"},{"@type":"ListItem","position":2,"name":"Logo inciso per Universit\u00e0 C\u00e0 Foscari di Venezia"}]},{"@type":"WebSite","@id":"https:\/\/sartoceramica.it\/#website","url":"https:\/\/sartoceramica.it\/","name":"Sarto Ceramica","description":"Home decor in gres porcellanato su misura","publisher":{"@id":"https:\/\/sartoceramica.it\/#organization"},"potentialAction":[{"@type":"SearchAction","target":{"@type":"EntryPoint","urlTemplate":"https:\/\/sartoceramica.it\/?s={search_term_string}"},"query-input":{"@type":"PropertyValueSpecification","valueRequired":true,"valueName":"search_term_string"}}],"inLanguage":"it-IT"},{"@type":"Organization","@id":"https:\/\/sartoceramica.it\/#organization","name":"Sarto Ceramica","url":"https:\/\/sartoceramica.it\/","logo":{"@type":"ImageObject","inLanguage":"it-IT","@id":"https:\/\/sartoceramica.it\/#\/schema\/logo\/image\/","url":"https:\/\/sartoceramica.it\/wp-content\/uploads\/2020\/02\/cropped-logo-png-sarto.png","contentUrl":"https:\/\/sartoceramica.it\/wp-content\/uploads\/2020\/02\/cropped-logo-png-sarto.png","width":566,"height":250,"caption":"Sarto Ceramica"},"image":{"@id":"https:\/\/sartoceramica.it\/#\/schema\/logo\/image\/"},"sameAs":["https:\/\/www.facebook.com\/SartoCeramicasrl\/?locale=it_IT","https:\/\/instagram.com\/sartoitalia_srl?igshid=MGU3ZTQzNzY="]}]}},"jetpack_sharing_enabled":true,"_links":{"self":[{"href":"https:\/\/sartoceramica.it\/index.php?rest_route=\/wp\/v2\/pages\/437","targetHints":{"allow":["GET"]}}],"collection":[{"href":"https:\/\/sartoceramica.it\/index.php?rest_route=\/wp\/v2\/pages"}],"about":[{"href":"https:\/\/sartoceramica.it\/index.php?rest_route=\/wp\/v2\/types\/page"}],"author":[{"embeddable":true,"href":"https:\/\/sartoceramica.it\/index.php?rest_route=\/wp\/v2\/users\/1"}],"replies":[{"embeddable":true,"href":"https:\/\/sartoceramica.it\/index.php?rest_route=%2Fwp%2Fv2%2Fcomments&post=437"}],"version-history":[{"count":3,"href":"https:\/\/sartoceramica.it\/index.php?rest_route=\/wp\/v2\/pages\/437\/revisions"}],"predecessor-version":[{"id":761,"href":"https:\/\/sartoceramica.it\/index.php?rest_route=\/wp\/v2\/pages\/437\/revisions\/761"}],"wp:attachment":[{"href":"https:\/\/sartoceramica.it\/index.php?rest_route=%2Fwp%2Fv2%2Fmedia&parent=437"}],"curies":[{"name":"wp","href":"https:\/\/api.w.org\/{rel}","templated":true}]}}