{"id":548,"date":"2020-10-09T06:47:57","date_gmt":"2020-10-09T06:47:57","guid":{"rendered":"https:\/\/sartoceramica.it\/?page_id=548"},"modified":"2020-10-09T09:29:59","modified_gmt":"2020-10-09T09:29:59","slug":"salle-de-bains","status":"publish","type":"page","link":"https:\/\/sartoceramica.it\/?page_id=548&lang=fr","title":{"rendered":"SALLE DE BAINS"},"content":{"rendered":"\n<p>Conception, d\u00e9coupe et assemblage sur mesure de tout type de mobilier de salle de bain: \u00e9viers, \u00e9viers monolithiques, \u00e9tag\u00e8res suspendues pour lavabos, plans pour \u00e9viers et baignoires encastr\u00e9s, receveurs de douche.<\/p>\n\n\n\n<figure class=\"wp-block-image size-large\"><img loading=\"lazy\" decoding=\"async\" width=\"1024\" height=\"565\" src=\"https:\/\/sartoceramica.it\/wp-content\/uploads\/2020\/10\/lavabos-1024x565.gif\" alt=\"\" class=\"wp-image-585\" srcset=\"https:\/\/sartoceramica.it\/wp-content\/uploads\/2020\/10\/lavabos-1024x565.gif 1024w, https:\/\/sartoceramica.it\/wp-content\/uploads\/2020\/10\/lavabos-350x193.gif 350w, https:\/\/sartoceramica.it\/wp-content\/uploads\/2020\/10\/lavabos-300x166.gif 300w, https:\/\/sartoceramica.it\/wp-content\/uploads\/2020\/10\/lavabos-768x424.gif 768w, https:\/\/sartoceramica.it\/wp-content\/uploads\/2020\/10\/lavabos-1536x848.gif 1536w\" sizes=\"auto, (max-width: 767px) 89vw, (max-width: 1000px) 54vw, (max-width: 1071px) 543px, 580px\" \/><\/figure>\n\n\n\n<p>Tout est fait sur demande, \u00e9tudi\u00e9 en d\u00e9tail et livr\u00e9 pr\u00eat pour une installation facile.<\/p>\n\n\n\n<p>Quelques-uns de nos derniers projets:<\/p>\n\n\n\n<figure class=\"wp-block-image size-large\"><img loading=\"lazy\" decoding=\"async\" width=\"877\" height=\"1024\" src=\"https:\/\/sartoceramica.it\/wp-content\/uploads\/2020\/10\/lavabo1_gres-877x1024.gif\" alt=\"\" class=\"wp-image-549\" srcset=\"https:\/\/sartoceramica.it\/wp-content\/uploads\/2020\/10\/lavabo1_gres-877x1024.gif 877w, https:\/\/sartoceramica.it\/wp-content\/uploads\/2020\/10\/lavabo1_gres-350x409.gif 350w, https:\/\/sartoceramica.it\/wp-content\/uploads\/2020\/10\/lavabo1_gres-257x300.gif 257w, https:\/\/sartoceramica.it\/wp-content\/uploads\/2020\/10\/lavabo1_gres-768x897.gif 768w\" sizes=\"auto, (max-width: 767px) 89vw, (max-width: 1000px) 54vw, (max-width: 1071px) 543px, 580px\" \/><\/figure>\n\n\n\n<figure class=\"wp-block-image size-large\"><img loading=\"lazy\" decoding=\"async\" width=\"1024\" height=\"1020\" src=\"https:\/\/sartoceramica.it\/wp-content\/uploads\/2020\/10\/lavabo2_gresporcellanato-2-1024x1020.gif\" alt=\"\" class=\"wp-image-550\" srcset=\"https:\/\/sartoceramica.it\/wp-content\/uploads\/2020\/10\/lavabo2_gresporcellanato-2-1024x1020.gif 1024w, https:\/\/sartoceramica.it\/wp-content\/uploads\/2020\/10\/lavabo2_gresporcellanato-2-250x250.gif 250w, https:\/\/sartoceramica.it\/wp-content\/uploads\/2020\/10\/lavabo2_gresporcellanato-2-100x100.gif 100w, https:\/\/sartoceramica.it\/wp-content\/uploads\/2020\/10\/lavabo2_gresporcellanato-2-350x349.gif 350w, https:\/\/sartoceramica.it\/wp-content\/uploads\/2020\/10\/lavabo2_gresporcellanato-2-300x300.gif 300w, https:\/\/sartoceramica.it\/wp-content\/uploads\/2020\/10\/lavabo2_gresporcellanato-2-150x150.gif 150w, https:\/\/sartoceramica.it\/wp-content\/uploads\/2020\/10\/lavabo2_gresporcellanato-2-768x765.gif 768w\" sizes=\"auto, (max-width: 767px) 89vw, (max-width: 1000px) 54vw, (max-width: 1071px) 543px, 580px\" \/><\/figure>\n\n\n\n<figure class=\"wp-block-image size-large\"><img decoding=\"async\" src=\"blob:https:\/\/sartoceramica.it\/6e6d4c4c-5793-4d47-997c-e2cf08845f97\" alt=\"\"\/><\/figure>\n\n\n\n<figure class=\"wp-block-image size-large\"><img loading=\"lazy\" decoding=\"async\" width=\"1024\" height=\"768\" src=\"https:\/\/sartoceramica.it\/wp-content\/uploads\/2020\/10\/IMG_5348-1-1024x768.gif\" alt=\"\" class=\"wp-image-551\"\/><\/figure>\n","protected":false},"excerpt":{"rendered":"<p>Conception, d\u00e9coupe et assemblage sur mesure de tout type de mobilier de salle de bain: \u00e9viers, \u00e9viers monolithiques, \u00e9tag\u00e8res suspendues pour lavabos, plans pour \u00e9viers et baignoires encastr\u00e9s, receveurs de douche. Tout est fait sur demande, \u00e9tudi\u00e9 en d\u00e9tail et livr\u00e9 pr\u00eat pour une installation facile. Quelques-uns de nos derniers projets:<\/p>\n","protected":false},"author":1,"featured_media":0,"parent":0,"menu_order":0,"comment_status":"closed","ping_status":"closed","template":"","meta":{"footnotes":""},"class_list":["post-548","page","type-page","status-publish","hentry"],"yoast_head":"<!-- This site is optimized with the Yoast SEO plugin v27.5 - https:\/\/yoast.com\/product\/yoast-seo-wordpress\/ -->\n<title>SALLE DE BAINS - Sarto Ceramica<\/title>\n<meta name=\"robots\" content=\"index, follow, max-snippet:-1, max-image-preview:large, max-video-preview:-1\" \/>\n<link rel=\"canonical\" href=\"https:\/\/sartoceramica.it\/?page_id=548&lang=fr\" \/>\n<meta property=\"og:locale\" content=\"it_IT\" \/>\n<meta property=\"og:type\" content=\"article\" \/>\n<meta property=\"og:title\" content=\"SALLE DE BAINS - Sarto Ceramica\" \/>\n<meta property=\"og:description\" content=\"Conception, d\u00e9coupe et assemblage sur mesure de tout type de mobilier de salle de bain: \u00e9viers, \u00e9viers monolithiques, \u00e9tag\u00e8res suspendues pour lavabos, plans pour \u00e9viers et baignoires encastr\u00e9s, receveurs de douche. Tout est fait sur demande, \u00e9tudi\u00e9 en d\u00e9tail et livr\u00e9 pr\u00eat pour une installation facile. Quelques-uns de nos derniers projets:\" \/>\n<meta property=\"og:url\" content=\"https:\/\/sartoceramica.it\/?page_id=548&amp;lang=fr\" \/>\n<meta property=\"og:site_name\" content=\"Sarto Ceramica\" \/>\n<meta property=\"article:publisher\" content=\"https:\/\/www.facebook.com\/SartoCeramicasrl\/?locale=it_IT\" \/>\n<meta property=\"article:modified_time\" content=\"2020-10-09T09:29:59+00:00\" \/>\n<meta property=\"og:image\" content=\"https:\/\/sartoceramica.it\/wp-content\/uploads\/2020\/10\/lavabos-1024x565.gif\" \/>\n<meta name=\"twitter:card\" content=\"summary_large_image\" \/>\n<script type=\"application\/ld+json\" class=\"yoast-schema-graph\">{\"@context\":\"https:\\\/\\\/schema.org\",\"@graph\":[{\"@type\":\"WebPage\",\"@id\":\"https:\\\/\\\/sartoceramica.it\\\/?page_id=548&lang=fr\",\"url\":\"https:\\\/\\\/sartoceramica.it\\\/?page_id=548&lang=fr\",\"name\":\"SALLE DE BAINS - Sarto Ceramica\",\"isPartOf\":{\"@id\":\"https:\\\/\\\/sartoceramica.it\\\/#website\"},\"primaryImageOfPage\":{\"@id\":\"https:\\\/\\\/sartoceramica.it\\\/?page_id=548&lang=fr#primaryimage\"},\"image\":{\"@id\":\"https:\\\/\\\/sartoceramica.it\\\/?page_id=548&lang=fr#primaryimage\"},\"thumbnailUrl\":\"https:\\\/\\\/sartoceramica.it\\\/wp-content\\\/uploads\\\/2020\\\/10\\\/lavabos-1024x565.gif\",\"datePublished\":\"2020-10-09T06:47:57+00:00\",\"dateModified\":\"2020-10-09T09:29:59+00:00\",\"breadcrumb\":{\"@id\":\"https:\\\/\\\/sartoceramica.it\\\/?page_id=548&lang=fr#breadcrumb\"},\"inLanguage\":\"it-IT\",\"potentialAction\":[{\"@type\":\"ReadAction\",\"target\":[\"https:\\\/\\\/sartoceramica.it\\\/?page_id=548&lang=fr\"]}]},{\"@type\":\"ImageObject\",\"inLanguage\":\"it-IT\",\"@id\":\"https:\\\/\\\/sartoceramica.it\\\/?page_id=548&lang=fr#primaryimage\",\"url\":\"https:\\\/\\\/sartoceramica.it\\\/wp-content\\\/uploads\\\/2020\\\/10\\\/lavabos.gif\",\"contentUrl\":\"https:\\\/\\\/sartoceramica.it\\\/wp-content\\\/uploads\\\/2020\\\/10\\\/lavabos.gif\",\"width\":1800,\"height\":994},{\"@type\":\"BreadcrumbList\",\"@id\":\"https:\\\/\\\/sartoceramica.it\\\/?page_id=548&lang=fr#breadcrumb\",\"itemListElement\":[{\"@type\":\"ListItem\",\"position\":1,\"name\":\"Home\",\"item\":\"https:\\\/\\\/lightgrey-scorpion-978849.hostingersite.com\\\/\"},{\"@type\":\"ListItem\",\"position\":2,\"name\":\"SALLE DE BAINS\"}]},{\"@type\":\"WebSite\",\"@id\":\"https:\\\/\\\/sartoceramica.it\\\/#website\",\"url\":\"https:\\\/\\\/sartoceramica.it\\\/\",\"name\":\"Sarto Ceramica\",\"description\":\"Home decor in gres porcellanato su misura\",\"publisher\":{\"@id\":\"https:\\\/\\\/sartoceramica.it\\\/#organization\"},\"potentialAction\":[{\"@type\":\"SearchAction\",\"target\":{\"@type\":\"EntryPoint\",\"urlTemplate\":\"https:\\\/\\\/sartoceramica.it\\\/?s={search_term_string}\"},\"query-input\":{\"@type\":\"PropertyValueSpecification\",\"valueRequired\":true,\"valueName\":\"search_term_string\"}}],\"inLanguage\":\"it-IT\"},{\"@type\":\"Organization\",\"@id\":\"https:\\\/\\\/sartoceramica.it\\\/#organization\",\"name\":\"Sarto Ceramica\",\"url\":\"https:\\\/\\\/sartoceramica.it\\\/\",\"logo\":{\"@type\":\"ImageObject\",\"inLanguage\":\"it-IT\",\"@id\":\"https:\\\/\\\/sartoceramica.it\\\/#\\\/schema\\\/logo\\\/image\\\/\",\"url\":\"https:\\\/\\\/sartoceramica.it\\\/wp-content\\\/uploads\\\/2020\\\/02\\\/cropped-logo-png-sarto.png\",\"contentUrl\":\"https:\\\/\\\/sartoceramica.it\\\/wp-content\\\/uploads\\\/2020\\\/02\\\/cropped-logo-png-sarto.png\",\"width\":566,\"height\":250,\"caption\":\"Sarto Ceramica\"},\"image\":{\"@id\":\"https:\\\/\\\/sartoceramica.it\\\/#\\\/schema\\\/logo\\\/image\\\/\"},\"sameAs\":[\"https:\\\/\\\/www.facebook.com\\\/SartoCeramicasrl\\\/?locale=it_IT\",\"https:\\\/\\\/instagram.com\\\/sartoitalia_srl?igshid=MGU3ZTQzNzY=\"]}]}<\/script>\n<!-- \/ Yoast SEO plugin. -->","yoast_head_json":{"title":"SALLE DE BAINS - Sarto Ceramica","robots":{"index":"index","follow":"follow","max-snippet":"max-snippet:-1","max-image-preview":"max-image-preview:large","max-video-preview":"max-video-preview:-1"},"canonical":"https:\/\/sartoceramica.it\/?page_id=548&lang=fr","og_locale":"it_IT","og_type":"article","og_title":"SALLE DE BAINS - Sarto Ceramica","og_description":"Conception, d\u00e9coupe et assemblage sur mesure de tout type de mobilier de salle de bain: \u00e9viers, \u00e9viers monolithiques, \u00e9tag\u00e8res suspendues pour lavabos, plans pour \u00e9viers et baignoires encastr\u00e9s, receveurs de douche. Tout est fait sur demande, \u00e9tudi\u00e9 en d\u00e9tail et livr\u00e9 pr\u00eat pour une installation facile. Quelques-uns de nos derniers projets:","og_url":"https:\/\/sartoceramica.it\/?page_id=548&lang=fr","og_site_name":"Sarto Ceramica","article_publisher":"https:\/\/www.facebook.com\/SartoCeramicasrl\/?locale=it_IT","article_modified_time":"2020-10-09T09:29:59+00:00","og_image":[{"url":"https:\/\/sartoceramica.it\/wp-content\/uploads\/2020\/10\/lavabos-1024x565.gif","type":"","width":"","height":""}],"twitter_card":"summary_large_image","schema":{"@context":"https:\/\/schema.org","@graph":[{"@type":"WebPage","@id":"https:\/\/sartoceramica.it\/?page_id=548&lang=fr","url":"https:\/\/sartoceramica.it\/?page_id=548&lang=fr","name":"SALLE DE BAINS - Sarto Ceramica","isPartOf":{"@id":"https:\/\/sartoceramica.it\/#website"},"primaryImageOfPage":{"@id":"https:\/\/sartoceramica.it\/?page_id=548&lang=fr#primaryimage"},"image":{"@id":"https:\/\/sartoceramica.it\/?page_id=548&lang=fr#primaryimage"},"thumbnailUrl":"https:\/\/sartoceramica.it\/wp-content\/uploads\/2020\/10\/lavabos-1024x565.gif","datePublished":"2020-10-09T06:47:57+00:00","dateModified":"2020-10-09T09:29:59+00:00","breadcrumb":{"@id":"https:\/\/sartoceramica.it\/?page_id=548&lang=fr#breadcrumb"},"inLanguage":"it-IT","potentialAction":[{"@type":"ReadAction","target":["https:\/\/sartoceramica.it\/?page_id=548&lang=fr"]}]},{"@type":"ImageObject","inLanguage":"it-IT","@id":"https:\/\/sartoceramica.it\/?page_id=548&lang=fr#primaryimage","url":"https:\/\/sartoceramica.it\/wp-content\/uploads\/2020\/10\/lavabos.gif","contentUrl":"https:\/\/sartoceramica.it\/wp-content\/uploads\/2020\/10\/lavabos.gif","width":1800,"height":994},{"@type":"BreadcrumbList","@id":"https:\/\/sartoceramica.it\/?page_id=548&lang=fr#breadcrumb","itemListElement":[{"@type":"ListItem","position":1,"name":"Home","item":"https:\/\/lightgrey-scorpion-978849.hostingersite.com\/"},{"@type":"ListItem","position":2,"name":"SALLE DE BAINS"}]},{"@type":"WebSite","@id":"https:\/\/sartoceramica.it\/#website","url":"https:\/\/sartoceramica.it\/","name":"Sarto Ceramica","description":"Home decor in gres porcellanato su misura","publisher":{"@id":"https:\/\/sartoceramica.it\/#organization"},"potentialAction":[{"@type":"SearchAction","target":{"@type":"EntryPoint","urlTemplate":"https:\/\/sartoceramica.it\/?s={search_term_string}"},"query-input":{"@type":"PropertyValueSpecification","valueRequired":true,"valueName":"search_term_string"}}],"inLanguage":"it-IT"},{"@type":"Organization","@id":"https:\/\/sartoceramica.it\/#organization","name":"Sarto Ceramica","url":"https:\/\/sartoceramica.it\/","logo":{"@type":"ImageObject","inLanguage":"it-IT","@id":"https:\/\/sartoceramica.it\/#\/schema\/logo\/image\/","url":"https:\/\/sartoceramica.it\/wp-content\/uploads\/2020\/02\/cropped-logo-png-sarto.png","contentUrl":"https:\/\/sartoceramica.it\/wp-content\/uploads\/2020\/02\/cropped-logo-png-sarto.png","width":566,"height":250,"caption":"Sarto Ceramica"},"image":{"@id":"https:\/\/sartoceramica.it\/#\/schema\/logo\/image\/"},"sameAs":["https:\/\/www.facebook.com\/SartoCeramicasrl\/?locale=it_IT","https:\/\/instagram.com\/sartoitalia_srl?igshid=MGU3ZTQzNzY="]}]}},"jetpack_sharing_enabled":true,"_links":{"self":[{"href":"https:\/\/sartoceramica.it\/index.php?rest_route=\/wp\/v2\/pages\/548","targetHints":{"allow":["GET"]}}],"collection":[{"href":"https:\/\/sartoceramica.it\/index.php?rest_route=\/wp\/v2\/pages"}],"about":[{"href":"https:\/\/sartoceramica.it\/index.php?rest_route=\/wp\/v2\/types\/page"}],"author":[{"embeddable":true,"href":"https:\/\/sartoceramica.it\/index.php?rest_route=\/wp\/v2\/users\/1"}],"replies":[{"embeddable":true,"href":"https:\/\/sartoceramica.it\/index.php?rest_route=%2Fwp%2Fv2%2Fcomments&post=548"}],"version-history":[{"count":2,"href":"https:\/\/sartoceramica.it\/index.php?rest_route=\/wp\/v2\/pages\/548\/revisions"}],"predecessor-version":[{"id":586,"href":"https:\/\/sartoceramica.it\/index.php?rest_route=\/wp\/v2\/pages\/548\/revisions\/586"}],"wp:attachment":[{"href":"https:\/\/sartoceramica.it\/index.php?rest_route=%2Fwp%2Fv2%2Fmedia&parent=548"}],"curies":[{"name":"wp","href":"https:\/\/api.w.org\/{rel}","templated":true}]}}