{"id":564,"date":"2020-10-09T07:31:16","date_gmt":"2020-10-09T07:31:16","guid":{"rendered":"https:\/\/sartoceramica.it\/?page_id=564"},"modified":"2020-10-09T07:31:17","modified_gmt":"2020-10-09T07:31:17","slug":"hydrojet-decoupe","status":"publish","type":"page","link":"https:\/\/sartoceramica.it\/?page_id=564&lang=fr","title":{"rendered":"HYDROJET D\u00c9COUPE"},"content":{"rendered":"\n<p>Depuis 1995 experts en d\u00e9coupe jet d&#8217;eau, du petit logo \u00e0 l&#8217;a\u00e9roport.<\/p>\n\n\n\n<p>-Mosa\u00efques<\/p>\n\n\n\n<p>-Gestion et coupe de gros projets<\/p>\n\n\n\n<p>-Panneaux sur mesure et Abbasso gli schemi<\/p>\n\n\n\n<p>Notre service:<\/p>\n\n\n\n<p>&#8211; Reliefs sur place ou traitement effectu\u00e9 pour la d\u00e9coupe des reliefs fournis<\/p>\n\n\n\n<p>-Retour des dessins dans Autocad ou Archicad-Dessin du sch\u00e9ma de pose ex\u00e9cutif optimis\u00e9 pour la jauge inf\u00e9rieure et le joint requis<\/p>\n\n\n\n<p>&#8211; Programmes de d\u00e9coupe avec num\u00e9rotation s\u00e9quentielle des pi\u00e8ces<\/p>\n\n\n\n<p>&#8211; D\u00e9coupe, num\u00e9rotation et boxing au jet d&#8217;eau<\/p>\n\n\n\n<p>&#8211; Etiquetage et conditionnement en bo\u00eetes ou caisses<\/p>\n\n\n\n<p>Nous disposons de plusieurs machines jet d&#8217;eau: chaque t\u00e2che est g\u00e9r\u00e9e dans des d\u00e9lais rapides avec un timing variable en fonction de la taille du projet, \u00e0 partir d&#8217;un jour ouvrable uniquement.<\/p>\n\n\n\n<p>R\u00e9f\u00e9rences: Erol Tabanca-Polimeks, a\u00e9roport international d&#8217;Achgabat, Turkm\u00e9nistan pour <a href=\"http:\/\/www.casalgrandepadana.it\">Casalgrande Padana<\/a><\/p>\n\n\n\n<figure class=\"wp-block-image size-large\"><img loading=\"lazy\" decoding=\"async\" width=\"683\" height=\"1024\" src=\"https:\/\/sartoceramica.it\/wp-content\/uploads\/2020\/10\/casalgrande-aeroporto2-1-683x1024.gif\" alt=\"\" class=\"wp-image-565\" srcset=\"https:\/\/sartoceramica.it\/wp-content\/uploads\/2020\/10\/casalgrande-aeroporto2-1-683x1024.gif 683w, https:\/\/sartoceramica.it\/wp-content\/uploads\/2020\/10\/casalgrande-aeroporto2-1-350x525.gif 350w, https:\/\/sartoceramica.it\/wp-content\/uploads\/2020\/10\/casalgrande-aeroporto2-1-200x300.gif 200w, https:\/\/sartoceramica.it\/wp-content\/uploads\/2020\/10\/casalgrande-aeroporto2-1-768x1152.gif 768w, https:\/\/sartoceramica.it\/wp-content\/uploads\/2020\/10\/casalgrande-aeroporto2-1-1024x1536.gif 1024w, https:\/\/sartoceramica.it\/wp-content\/uploads\/2020\/10\/casalgrande-aeroporto2-1-1365x2048.gif 1365w\" sizes=\"auto, (max-width: 683px) 100vw, 683px\" \/><\/figure>\n\n\n\n<p>Shopping center Le Zagare, San Giovanni La Punta CT for<a href=\"http:\/\/www.irisceramica.it\/\">\u00a0Iris ceramic<\/a>he<\/p>\n\n\n\n<figure class=\"wp-block-image size-large\"><img loading=\"lazy\" decoding=\"async\" width=\"1024\" height=\"681\" src=\"https:\/\/sartoceramica.it\/wp-content\/uploads\/2020\/10\/zagare-1-1024x681.gif\" alt=\"\" class=\"wp-image-566\" srcset=\"https:\/\/sartoceramica.it\/wp-content\/uploads\/2020\/10\/zagare-1-1024x681.gif 1024w, https:\/\/sartoceramica.it\/wp-content\/uploads\/2020\/10\/zagare-1-350x233.gif 350w, https:\/\/sartoceramica.it\/wp-content\/uploads\/2020\/10\/zagare-1-300x200.gif 300w, https:\/\/sartoceramica.it\/wp-content\/uploads\/2020\/10\/zagare-1-768x511.gif 768w, https:\/\/sartoceramica.it\/wp-content\/uploads\/2020\/10\/zagare-1-1536x1022.gif 1536w, https:\/\/sartoceramica.it\/wp-content\/uploads\/2020\/10\/zagare-1-2048x1363.gif 2048w\" sizes=\"auto, (max-width: 767px) 89vw, (max-width: 1000px) 54vw, (max-width: 1071px) 543px, 580px\" \/><\/figure>\n\n\n\n<p>Logos en jet d&#8217;eau et laser personnalis\u00e9s<\/p>\n\n\n\n<figure class=\"wp-block-image size-large\"><img loading=\"lazy\" decoding=\"async\" width=\"1024\" height=\"768\" src=\"https:\/\/sartoceramica.it\/wp-content\/uploads\/2020\/10\/223-01-Exclusive-1-1024x768.jpg\" alt=\"\" class=\"wp-image-567\" srcset=\"https:\/\/sartoceramica.it\/wp-content\/uploads\/2020\/10\/223-01-Exclusive-1-1024x768.jpg 1024w, https:\/\/sartoceramica.it\/wp-content\/uploads\/2020\/10\/223-01-Exclusive-1-scaled-350x263.jpg 350w, https:\/\/sartoceramica.it\/wp-content\/uploads\/2020\/10\/223-01-Exclusive-1-300x225.jpg 300w, https:\/\/sartoceramica.it\/wp-content\/uploads\/2020\/10\/223-01-Exclusive-1-768x576.jpg 768w, https:\/\/sartoceramica.it\/wp-content\/uploads\/2020\/10\/223-01-Exclusive-1-1536x1152.jpg 1536w, https:\/\/sartoceramica.it\/wp-content\/uploads\/2020\/10\/223-01-Exclusive-1-2048x1536.jpg 2048w\" sizes=\"auto, (max-width: 767px) 89vw, (max-width: 1000px) 54vw, (max-width: 1071px) 543px, 580px\" \/><\/figure>\n\n\n\n<figure class=\"wp-block-image size-large\"><img loading=\"lazy\" decoding=\"async\" width=\"1024\" height=\"724\" src=\"https:\/\/sartoceramica.it\/wp-content\/uploads\/2020\/10\/loghi-vari-sarto-1-1024x724.gif\" alt=\"\" class=\"wp-image-568\" srcset=\"https:\/\/sartoceramica.it\/wp-content\/uploads\/2020\/10\/loghi-vari-sarto-1-1024x724.gif 1024w, https:\/\/sartoceramica.it\/wp-content\/uploads\/2020\/10\/loghi-vari-sarto-1-350x248.gif 350w, https:\/\/sartoceramica.it\/wp-content\/uploads\/2020\/10\/loghi-vari-sarto-1-300x212.gif 300w, https:\/\/sartoceramica.it\/wp-content\/uploads\/2020\/10\/loghi-vari-sarto-1-768x543.gif 768w, https:\/\/sartoceramica.it\/wp-content\/uploads\/2020\/10\/loghi-vari-sarto-1-1536x1087.gif 1536w, https:\/\/sartoceramica.it\/wp-content\/uploads\/2020\/10\/loghi-vari-sarto-1-2048x1449.gif 2048w\" sizes=\"auto, (max-width: 767px) 89vw, (max-width: 1000px) 54vw, (max-width: 1071px) 543px, 580px\" \/><\/figure>\n","protected":false},"excerpt":{"rendered":"<p>Depuis 1995 experts en d\u00e9coupe jet d&#8217;eau, du petit logo \u00e0 l&#8217;a\u00e9roport. -Mosa\u00efques -Gestion et coupe de gros projets -Panneaux sur mesure et Abbasso gli schemi Notre service: &#8211; Reliefs sur place ou traitement effectu\u00e9 pour la d\u00e9coupe des reliefs fournis -Retour des dessins dans Autocad ou Archicad-Dessin du sch\u00e9ma de pose ex\u00e9cutif optimis\u00e9 pour &hellip; <\/p>\n<p class=\"link-more\"><a href=\"https:\/\/sartoceramica.it\/?page_id=564&#038;lang=fr\" class=\"more-link\">Leggi tutto<span class=\"screen-reader-text\"> &#8220;HYDROJET D\u00c9COUPE&#8221;<\/span><\/a><\/p>\n","protected":false},"author":1,"featured_media":0,"parent":0,"menu_order":0,"comment_status":"closed","ping_status":"closed","template":"","meta":{"footnotes":""},"class_list":["post-564","page","type-page","status-publish","hentry"],"yoast_head":"<!-- This site is optimized with the Yoast SEO plugin v27.5 - https:\/\/yoast.com\/product\/yoast-seo-wordpress\/ -->\n<title>HYDROJET D\u00c9COUPE - Sarto Ceramica<\/title>\n<meta name=\"robots\" content=\"index, follow, max-snippet:-1, max-image-preview:large, max-video-preview:-1\" \/>\n<link rel=\"canonical\" href=\"https:\/\/sartoceramica.it\/?page_id=564&lang=fr\" \/>\n<meta property=\"og:locale\" content=\"it_IT\" \/>\n<meta property=\"og:type\" content=\"article\" \/>\n<meta property=\"og:title\" content=\"HYDROJET D\u00c9COUPE - Sarto Ceramica\" \/>\n<meta property=\"og:description\" content=\"Depuis 1995 experts en d\u00e9coupe jet d&#8217;eau, du petit logo \u00e0 l&#8217;a\u00e9roport. -Mosa\u00efques -Gestion et coupe de gros projets -Panneaux sur mesure et Abbasso gli schemi Notre service: &#8211; Reliefs sur place ou traitement effectu\u00e9 pour la d\u00e9coupe des reliefs fournis -Retour des dessins dans Autocad ou Archicad-Dessin du sch\u00e9ma de pose ex\u00e9cutif optimis\u00e9 pour &hellip; Leggi tutto &quot;HYDROJET D\u00c9COUPE&quot;\" \/>\n<meta property=\"og:url\" content=\"https:\/\/sartoceramica.it\/?page_id=564&amp;lang=fr\" \/>\n<meta property=\"og:site_name\" content=\"Sarto Ceramica\" \/>\n<meta property=\"article:publisher\" content=\"https:\/\/www.facebook.com\/SartoCeramicasrl\/?locale=it_IT\" \/>\n<meta property=\"article:modified_time\" content=\"2020-10-09T07:31:17+00:00\" \/>\n<meta property=\"og:image\" content=\"https:\/\/sartoceramica.it\/wp-content\/uploads\/2020\/10\/casalgrande-aeroporto2-1-683x1024.gif\" \/>\n<meta name=\"twitter:card\" content=\"summary_large_image\" \/>\n<meta name=\"twitter:label1\" content=\"Tempo di lettura stimato\" \/>\n\t<meta name=\"twitter:data1\" content=\"1 minuto\" \/>\n<script type=\"application\/ld+json\" class=\"yoast-schema-graph\">{\"@context\":\"https:\\\/\\\/schema.org\",\"@graph\":[{\"@type\":\"WebPage\",\"@id\":\"https:\\\/\\\/sartoceramica.it\\\/?page_id=564&lang=fr\",\"url\":\"https:\\\/\\\/sartoceramica.it\\\/?page_id=564&lang=fr\",\"name\":\"HYDROJET D\u00c9COUPE - Sarto Ceramica\",\"isPartOf\":{\"@id\":\"https:\\\/\\\/sartoceramica.it\\\/#website\"},\"primaryImageOfPage\":{\"@id\":\"https:\\\/\\\/sartoceramica.it\\\/?page_id=564&lang=fr#primaryimage\"},\"image\":{\"@id\":\"https:\\\/\\\/sartoceramica.it\\\/?page_id=564&lang=fr#primaryimage\"},\"thumbnailUrl\":\"https:\\\/\\\/sartoceramica.it\\\/wp-content\\\/uploads\\\/2020\\\/10\\\/casalgrande-aeroporto2-1-683x1024.gif\",\"datePublished\":\"2020-10-09T07:31:16+00:00\",\"dateModified\":\"2020-10-09T07:31:17+00:00\",\"breadcrumb\":{\"@id\":\"https:\\\/\\\/sartoceramica.it\\\/?page_id=564&lang=fr#breadcrumb\"},\"inLanguage\":\"it-IT\",\"potentialAction\":[{\"@type\":\"ReadAction\",\"target\":[\"https:\\\/\\\/sartoceramica.it\\\/?page_id=564&lang=fr\"]}]},{\"@type\":\"ImageObject\",\"inLanguage\":\"it-IT\",\"@id\":\"https:\\\/\\\/sartoceramica.it\\\/?page_id=564&lang=fr#primaryimage\",\"url\":\"https:\\\/\\\/sartoceramica.it\\\/wp-content\\\/uploads\\\/2020\\\/10\\\/casalgrande-aeroporto2-1.gif\",\"contentUrl\":\"https:\\\/\\\/sartoceramica.it\\\/wp-content\\\/uploads\\\/2020\\\/10\\\/casalgrande-aeroporto2-1.gif\",\"width\":1600,\"height\":2400},{\"@type\":\"BreadcrumbList\",\"@id\":\"https:\\\/\\\/sartoceramica.it\\\/?page_id=564&lang=fr#breadcrumb\",\"itemListElement\":[{\"@type\":\"ListItem\",\"position\":1,\"name\":\"Home\",\"item\":\"https:\\\/\\\/lightgrey-scorpion-978849.hostingersite.com\\\/\"},{\"@type\":\"ListItem\",\"position\":2,\"name\":\"HYDROJET D\u00c9COUPE\"}]},{\"@type\":\"WebSite\",\"@id\":\"https:\\\/\\\/sartoceramica.it\\\/#website\",\"url\":\"https:\\\/\\\/sartoceramica.it\\\/\",\"name\":\"Sarto Ceramica\",\"description\":\"Home decor in gres porcellanato su misura\",\"publisher\":{\"@id\":\"https:\\\/\\\/sartoceramica.it\\\/#organization\"},\"potentialAction\":[{\"@type\":\"SearchAction\",\"target\":{\"@type\":\"EntryPoint\",\"urlTemplate\":\"https:\\\/\\\/sartoceramica.it\\\/?s={search_term_string}\"},\"query-input\":{\"@type\":\"PropertyValueSpecification\",\"valueRequired\":true,\"valueName\":\"search_term_string\"}}],\"inLanguage\":\"it-IT\"},{\"@type\":\"Organization\",\"@id\":\"https:\\\/\\\/sartoceramica.it\\\/#organization\",\"name\":\"Sarto Ceramica\",\"url\":\"https:\\\/\\\/sartoceramica.it\\\/\",\"logo\":{\"@type\":\"ImageObject\",\"inLanguage\":\"it-IT\",\"@id\":\"https:\\\/\\\/sartoceramica.it\\\/#\\\/schema\\\/logo\\\/image\\\/\",\"url\":\"https:\\\/\\\/sartoceramica.it\\\/wp-content\\\/uploads\\\/2020\\\/02\\\/cropped-logo-png-sarto.png\",\"contentUrl\":\"https:\\\/\\\/sartoceramica.it\\\/wp-content\\\/uploads\\\/2020\\\/02\\\/cropped-logo-png-sarto.png\",\"width\":566,\"height\":250,\"caption\":\"Sarto Ceramica\"},\"image\":{\"@id\":\"https:\\\/\\\/sartoceramica.it\\\/#\\\/schema\\\/logo\\\/image\\\/\"},\"sameAs\":[\"https:\\\/\\\/www.facebook.com\\\/SartoCeramicasrl\\\/?locale=it_IT\",\"https:\\\/\\\/instagram.com\\\/sartoitalia_srl?igshid=MGU3ZTQzNzY=\"]}]}<\/script>\n<!-- \/ Yoast SEO plugin. -->","yoast_head_json":{"title":"HYDROJET D\u00c9COUPE - Sarto Ceramica","robots":{"index":"index","follow":"follow","max-snippet":"max-snippet:-1","max-image-preview":"max-image-preview:large","max-video-preview":"max-video-preview:-1"},"canonical":"https:\/\/sartoceramica.it\/?page_id=564&lang=fr","og_locale":"it_IT","og_type":"article","og_title":"HYDROJET D\u00c9COUPE - Sarto Ceramica","og_description":"Depuis 1995 experts en d\u00e9coupe jet d&#8217;eau, du petit logo \u00e0 l&#8217;a\u00e9roport. -Mosa\u00efques -Gestion et coupe de gros projets -Panneaux sur mesure et Abbasso gli schemi Notre service: &#8211; Reliefs sur place ou traitement effectu\u00e9 pour la d\u00e9coupe des reliefs fournis -Retour des dessins dans Autocad ou Archicad-Dessin du sch\u00e9ma de pose ex\u00e9cutif optimis\u00e9 pour &hellip; Leggi tutto \"HYDROJET D\u00c9COUPE\"","og_url":"https:\/\/sartoceramica.it\/?page_id=564&lang=fr","og_site_name":"Sarto Ceramica","article_publisher":"https:\/\/www.facebook.com\/SartoCeramicasrl\/?locale=it_IT","article_modified_time":"2020-10-09T07:31:17+00:00","og_image":[{"url":"https:\/\/sartoceramica.it\/wp-content\/uploads\/2020\/10\/casalgrande-aeroporto2-1-683x1024.gif","type":"","width":"","height":""}],"twitter_card":"summary_large_image","twitter_misc":{"Tempo di lettura stimato":"1 minuto"},"schema":{"@context":"https:\/\/schema.org","@graph":[{"@type":"WebPage","@id":"https:\/\/sartoceramica.it\/?page_id=564&lang=fr","url":"https:\/\/sartoceramica.it\/?page_id=564&lang=fr","name":"HYDROJET D\u00c9COUPE - Sarto Ceramica","isPartOf":{"@id":"https:\/\/sartoceramica.it\/#website"},"primaryImageOfPage":{"@id":"https:\/\/sartoceramica.it\/?page_id=564&lang=fr#primaryimage"},"image":{"@id":"https:\/\/sartoceramica.it\/?page_id=564&lang=fr#primaryimage"},"thumbnailUrl":"https:\/\/sartoceramica.it\/wp-content\/uploads\/2020\/10\/casalgrande-aeroporto2-1-683x1024.gif","datePublished":"2020-10-09T07:31:16+00:00","dateModified":"2020-10-09T07:31:17+00:00","breadcrumb":{"@id":"https:\/\/sartoceramica.it\/?page_id=564&lang=fr#breadcrumb"},"inLanguage":"it-IT","potentialAction":[{"@type":"ReadAction","target":["https:\/\/sartoceramica.it\/?page_id=564&lang=fr"]}]},{"@type":"ImageObject","inLanguage":"it-IT","@id":"https:\/\/sartoceramica.it\/?page_id=564&lang=fr#primaryimage","url":"https:\/\/sartoceramica.it\/wp-content\/uploads\/2020\/10\/casalgrande-aeroporto2-1.gif","contentUrl":"https:\/\/sartoceramica.it\/wp-content\/uploads\/2020\/10\/casalgrande-aeroporto2-1.gif","width":1600,"height":2400},{"@type":"BreadcrumbList","@id":"https:\/\/sartoceramica.it\/?page_id=564&lang=fr#breadcrumb","itemListElement":[{"@type":"ListItem","position":1,"name":"Home","item":"https:\/\/lightgrey-scorpion-978849.hostingersite.com\/"},{"@type":"ListItem","position":2,"name":"HYDROJET D\u00c9COUPE"}]},{"@type":"WebSite","@id":"https:\/\/sartoceramica.it\/#website","url":"https:\/\/sartoceramica.it\/","name":"Sarto Ceramica","description":"Home decor in gres porcellanato su misura","publisher":{"@id":"https:\/\/sartoceramica.it\/#organization"},"potentialAction":[{"@type":"SearchAction","target":{"@type":"EntryPoint","urlTemplate":"https:\/\/sartoceramica.it\/?s={search_term_string}"},"query-input":{"@type":"PropertyValueSpecification","valueRequired":true,"valueName":"search_term_string"}}],"inLanguage":"it-IT"},{"@type":"Organization","@id":"https:\/\/sartoceramica.it\/#organization","name":"Sarto Ceramica","url":"https:\/\/sartoceramica.it\/","logo":{"@type":"ImageObject","inLanguage":"it-IT","@id":"https:\/\/sartoceramica.it\/#\/schema\/logo\/image\/","url":"https:\/\/sartoceramica.it\/wp-content\/uploads\/2020\/02\/cropped-logo-png-sarto.png","contentUrl":"https:\/\/sartoceramica.it\/wp-content\/uploads\/2020\/02\/cropped-logo-png-sarto.png","width":566,"height":250,"caption":"Sarto Ceramica"},"image":{"@id":"https:\/\/sartoceramica.it\/#\/schema\/logo\/image\/"},"sameAs":["https:\/\/www.facebook.com\/SartoCeramicasrl\/?locale=it_IT","https:\/\/instagram.com\/sartoitalia_srl?igshid=MGU3ZTQzNzY="]}]}},"jetpack_sharing_enabled":true,"_links":{"self":[{"href":"https:\/\/sartoceramica.it\/index.php?rest_route=\/wp\/v2\/pages\/564","targetHints":{"allow":["GET"]}}],"collection":[{"href":"https:\/\/sartoceramica.it\/index.php?rest_route=\/wp\/v2\/pages"}],"about":[{"href":"https:\/\/sartoceramica.it\/index.php?rest_route=\/wp\/v2\/types\/page"}],"author":[{"embeddable":true,"href":"https:\/\/sartoceramica.it\/index.php?rest_route=\/wp\/v2\/users\/1"}],"replies":[{"embeddable":true,"href":"https:\/\/sartoceramica.it\/index.php?rest_route=%2Fwp%2Fv2%2Fcomments&post=564"}],"version-history":[{"count":1,"href":"https:\/\/sartoceramica.it\/index.php?rest_route=\/wp\/v2\/pages\/564\/revisions"}],"predecessor-version":[{"id":569,"href":"https:\/\/sartoceramica.it\/index.php?rest_route=\/wp\/v2\/pages\/564\/revisions\/569"}],"wp:attachment":[{"href":"https:\/\/sartoceramica.it\/index.php?rest_route=%2Fwp%2Fv2%2Fmedia&parent=564"}],"curies":[{"name":"wp","href":"https:\/\/api.w.org\/{rel}","templated":true}]}}