{"id":575,"date":"2020-10-09T09:24:17","date_gmt":"2020-10-09T09:24:17","guid":{"rendered":"https:\/\/sartoceramica.it\/?page_id=575"},"modified":"2020-10-09T09:56:34","modified_gmt":"2020-10-09T09:56:34","slug":"marche-et-plinthes","status":"publish","type":"page","link":"https:\/\/sartoceramica.it\/?page_id=575&lang=fr","title":{"rendered":"MARCHE ET PLINTHES"},"content":{"rendered":"\n<figure class=\"wp-block-image size-large\"><img loading=\"lazy\" decoding=\"async\" width=\"1024\" height=\"270\" src=\"https:\/\/sartoceramica.it\/wp-content\/uploads\/2020\/10\/marches-1024x270.gif\" alt=\"\" class=\"wp-image-576\" srcset=\"https:\/\/sartoceramica.it\/wp-content\/uploads\/2020\/10\/marches-1024x270.gif 1024w, https:\/\/sartoceramica.it\/wp-content\/uploads\/2020\/10\/marches-350x92.gif 350w, https:\/\/sartoceramica.it\/wp-content\/uploads\/2020\/10\/marches-300x79.gif 300w, https:\/\/sartoceramica.it\/wp-content\/uploads\/2020\/10\/marches-768x202.gif 768w, https:\/\/sartoceramica.it\/wp-content\/uploads\/2020\/10\/marches-1536x404.gif 1536w\" sizes=\"auto, (max-width: 767px) 89vw, (max-width: 1000px) 54vw, (max-width: 1071px) 543px, 580px\" \/><figcaption>Cr\u00e9ation sur mesure de marches et plinthes de toutes tailles<\/figcaption><\/figure>\n\n\n\n<figure class=\"wp-block-image size-large\"><img loading=\"lazy\" decoding=\"async\" width=\"698\" height=\"1024\" src=\"https:\/\/sartoceramica.it\/wp-content\/uploads\/2020\/10\/gradino-steps-marche-698x1024.gif\" alt=\"\" class=\"wp-image-603\" srcset=\"https:\/\/sartoceramica.it\/wp-content\/uploads\/2020\/10\/gradino-steps-marche-698x1024.gif 698w, https:\/\/sartoceramica.it\/wp-content\/uploads\/2020\/10\/gradino-steps-marche-350x514.gif 350w, https:\/\/sartoceramica.it\/wp-content\/uploads\/2020\/10\/gradino-steps-marche-204x300.gif 204w, https:\/\/sartoceramica.it\/wp-content\/uploads\/2020\/10\/gradino-steps-marche-768x1127.gif 768w, https:\/\/sartoceramica.it\/wp-content\/uploads\/2020\/10\/gradino-steps-marche-1047x1536.gif 1047w, https:\/\/sartoceramica.it\/wp-content\/uploads\/2020\/10\/gradino-steps-marche-1396x2048.gif 1396w\" sizes=\"auto, (max-width: 698px) 100vw, 698px\" \/><\/figure>\n\n\n\n<p>Marches en forme de L, marches suspendues avec structure interne, marches irr\u00e9guli\u00e8res et plus encore. Contactez-nous pour un devis pour un escalier personnalis\u00e9<\/p>\n","protected":false},"excerpt":{"rendered":"<p>Marches en forme de L, marches suspendues avec structure interne, marches irr\u00e9guli\u00e8res et plus encore. Contactez-nous pour un devis pour un escalier personnalis\u00e9<\/p>\n","protected":false},"author":1,"featured_media":0,"parent":0,"menu_order":0,"comment_status":"closed","ping_status":"closed","template":"","meta":{"footnotes":""},"class_list":["post-575","page","type-page","status-publish","hentry"],"yoast_head":"<!-- This site is optimized with the Yoast SEO plugin v27.5 - https:\/\/yoast.com\/product\/yoast-seo-wordpress\/ -->\n<title>MARCHE ET PLINTHES - Sarto Ceramica<\/title>\n<meta name=\"robots\" content=\"index, follow, max-snippet:-1, max-image-preview:large, max-video-preview:-1\" \/>\n<link rel=\"canonical\" href=\"https:\/\/sartoceramica.it\/?page_id=575&lang=fr\" \/>\n<meta property=\"og:locale\" content=\"it_IT\" \/>\n<meta property=\"og:type\" content=\"article\" \/>\n<meta property=\"og:title\" content=\"MARCHE ET PLINTHES - Sarto Ceramica\" \/>\n<meta property=\"og:description\" content=\"Marches en forme de L, marches suspendues avec structure interne, marches irr\u00e9guli\u00e8res et plus encore. Contactez-nous pour un devis pour un escalier personnalis\u00e9\" \/>\n<meta property=\"og:url\" content=\"https:\/\/sartoceramica.it\/?page_id=575&amp;lang=fr\" \/>\n<meta property=\"og:site_name\" content=\"Sarto Ceramica\" \/>\n<meta property=\"article:publisher\" content=\"https:\/\/www.facebook.com\/SartoCeramicasrl\/?locale=it_IT\" \/>\n<meta property=\"article:modified_time\" content=\"2020-10-09T09:56:34+00:00\" \/>\n<meta property=\"og:image\" content=\"https:\/\/sartoceramica.it\/wp-content\/uploads\/2020\/10\/marches-1024x270.gif\" \/>\n<meta name=\"twitter:card\" content=\"summary_large_image\" \/>\n<script type=\"application\/ld+json\" class=\"yoast-schema-graph\">{\"@context\":\"https:\\\/\\\/schema.org\",\"@graph\":[{\"@type\":\"WebPage\",\"@id\":\"https:\\\/\\\/sartoceramica.it\\\/?page_id=575&lang=fr\",\"url\":\"https:\\\/\\\/sartoceramica.it\\\/?page_id=575&lang=fr\",\"name\":\"MARCHE ET PLINTHES - Sarto Ceramica\",\"isPartOf\":{\"@id\":\"https:\\\/\\\/sartoceramica.it\\\/#website\"},\"primaryImageOfPage\":{\"@id\":\"https:\\\/\\\/sartoceramica.it\\\/?page_id=575&lang=fr#primaryimage\"},\"image\":{\"@id\":\"https:\\\/\\\/sartoceramica.it\\\/?page_id=575&lang=fr#primaryimage\"},\"thumbnailUrl\":\"https:\\\/\\\/sartoceramica.it\\\/wp-content\\\/uploads\\\/2020\\\/10\\\/marches-1024x270.gif\",\"datePublished\":\"2020-10-09T09:24:17+00:00\",\"dateModified\":\"2020-10-09T09:56:34+00:00\",\"breadcrumb\":{\"@id\":\"https:\\\/\\\/sartoceramica.it\\\/?page_id=575&lang=fr#breadcrumb\"},\"inLanguage\":\"it-IT\",\"potentialAction\":[{\"@type\":\"ReadAction\",\"target\":[\"https:\\\/\\\/sartoceramica.it\\\/?page_id=575&lang=fr\"]}]},{\"@type\":\"ImageObject\",\"inLanguage\":\"it-IT\",\"@id\":\"https:\\\/\\\/sartoceramica.it\\\/?page_id=575&lang=fr#primaryimage\",\"url\":\"https:\\\/\\\/sartoceramica.it\\\/wp-content\\\/uploads\\\/2020\\\/10\\\/marches.gif\",\"contentUrl\":\"https:\\\/\\\/sartoceramica.it\\\/wp-content\\\/uploads\\\/2020\\\/10\\\/marches.gif\",\"width\":1800,\"height\":474},{\"@type\":\"BreadcrumbList\",\"@id\":\"https:\\\/\\\/sartoceramica.it\\\/?page_id=575&lang=fr#breadcrumb\",\"itemListElement\":[{\"@type\":\"ListItem\",\"position\":1,\"name\":\"Home\",\"item\":\"https:\\\/\\\/lightgrey-scorpion-978849.hostingersite.com\\\/\"},{\"@type\":\"ListItem\",\"position\":2,\"name\":\"MARCHE ET PLINTHES\"}]},{\"@type\":\"WebSite\",\"@id\":\"https:\\\/\\\/sartoceramica.it\\\/#website\",\"url\":\"https:\\\/\\\/sartoceramica.it\\\/\",\"name\":\"Sarto Ceramica\",\"description\":\"Home decor in gres porcellanato su misura\",\"publisher\":{\"@id\":\"https:\\\/\\\/sartoceramica.it\\\/#organization\"},\"potentialAction\":[{\"@type\":\"SearchAction\",\"target\":{\"@type\":\"EntryPoint\",\"urlTemplate\":\"https:\\\/\\\/sartoceramica.it\\\/?s={search_term_string}\"},\"query-input\":{\"@type\":\"PropertyValueSpecification\",\"valueRequired\":true,\"valueName\":\"search_term_string\"}}],\"inLanguage\":\"it-IT\"},{\"@type\":\"Organization\",\"@id\":\"https:\\\/\\\/sartoceramica.it\\\/#organization\",\"name\":\"Sarto Ceramica\",\"url\":\"https:\\\/\\\/sartoceramica.it\\\/\",\"logo\":{\"@type\":\"ImageObject\",\"inLanguage\":\"it-IT\",\"@id\":\"https:\\\/\\\/sartoceramica.it\\\/#\\\/schema\\\/logo\\\/image\\\/\",\"url\":\"https:\\\/\\\/sartoceramica.it\\\/wp-content\\\/uploads\\\/2020\\\/02\\\/cropped-logo-png-sarto.png\",\"contentUrl\":\"https:\\\/\\\/sartoceramica.it\\\/wp-content\\\/uploads\\\/2020\\\/02\\\/cropped-logo-png-sarto.png\",\"width\":566,\"height\":250,\"caption\":\"Sarto Ceramica\"},\"image\":{\"@id\":\"https:\\\/\\\/sartoceramica.it\\\/#\\\/schema\\\/logo\\\/image\\\/\"},\"sameAs\":[\"https:\\\/\\\/www.facebook.com\\\/SartoCeramicasrl\\\/?locale=it_IT\",\"https:\\\/\\\/instagram.com\\\/sartoitalia_srl?igshid=MGU3ZTQzNzY=\"]}]}<\/script>\n<!-- \/ Yoast SEO plugin. -->","yoast_head_json":{"title":"MARCHE ET PLINTHES - Sarto Ceramica","robots":{"index":"index","follow":"follow","max-snippet":"max-snippet:-1","max-image-preview":"max-image-preview:large","max-video-preview":"max-video-preview:-1"},"canonical":"https:\/\/sartoceramica.it\/?page_id=575&lang=fr","og_locale":"it_IT","og_type":"article","og_title":"MARCHE ET PLINTHES - Sarto Ceramica","og_description":"Marches en forme de L, marches suspendues avec structure interne, marches irr\u00e9guli\u00e8res et plus encore. Contactez-nous pour un devis pour un escalier personnalis\u00e9","og_url":"https:\/\/sartoceramica.it\/?page_id=575&lang=fr","og_site_name":"Sarto Ceramica","article_publisher":"https:\/\/www.facebook.com\/SartoCeramicasrl\/?locale=it_IT","article_modified_time":"2020-10-09T09:56:34+00:00","og_image":[{"url":"https:\/\/sartoceramica.it\/wp-content\/uploads\/2020\/10\/marches-1024x270.gif","type":"","width":"","height":""}],"twitter_card":"summary_large_image","schema":{"@context":"https:\/\/schema.org","@graph":[{"@type":"WebPage","@id":"https:\/\/sartoceramica.it\/?page_id=575&lang=fr","url":"https:\/\/sartoceramica.it\/?page_id=575&lang=fr","name":"MARCHE ET PLINTHES - Sarto Ceramica","isPartOf":{"@id":"https:\/\/sartoceramica.it\/#website"},"primaryImageOfPage":{"@id":"https:\/\/sartoceramica.it\/?page_id=575&lang=fr#primaryimage"},"image":{"@id":"https:\/\/sartoceramica.it\/?page_id=575&lang=fr#primaryimage"},"thumbnailUrl":"https:\/\/sartoceramica.it\/wp-content\/uploads\/2020\/10\/marches-1024x270.gif","datePublished":"2020-10-09T09:24:17+00:00","dateModified":"2020-10-09T09:56:34+00:00","breadcrumb":{"@id":"https:\/\/sartoceramica.it\/?page_id=575&lang=fr#breadcrumb"},"inLanguage":"it-IT","potentialAction":[{"@type":"ReadAction","target":["https:\/\/sartoceramica.it\/?page_id=575&lang=fr"]}]},{"@type":"ImageObject","inLanguage":"it-IT","@id":"https:\/\/sartoceramica.it\/?page_id=575&lang=fr#primaryimage","url":"https:\/\/sartoceramica.it\/wp-content\/uploads\/2020\/10\/marches.gif","contentUrl":"https:\/\/sartoceramica.it\/wp-content\/uploads\/2020\/10\/marches.gif","width":1800,"height":474},{"@type":"BreadcrumbList","@id":"https:\/\/sartoceramica.it\/?page_id=575&lang=fr#breadcrumb","itemListElement":[{"@type":"ListItem","position":1,"name":"Home","item":"https:\/\/lightgrey-scorpion-978849.hostingersite.com\/"},{"@type":"ListItem","position":2,"name":"MARCHE ET PLINTHES"}]},{"@type":"WebSite","@id":"https:\/\/sartoceramica.it\/#website","url":"https:\/\/sartoceramica.it\/","name":"Sarto Ceramica","description":"Home decor in gres porcellanato su misura","publisher":{"@id":"https:\/\/sartoceramica.it\/#organization"},"potentialAction":[{"@type":"SearchAction","target":{"@type":"EntryPoint","urlTemplate":"https:\/\/sartoceramica.it\/?s={search_term_string}"},"query-input":{"@type":"PropertyValueSpecification","valueRequired":true,"valueName":"search_term_string"}}],"inLanguage":"it-IT"},{"@type":"Organization","@id":"https:\/\/sartoceramica.it\/#organization","name":"Sarto Ceramica","url":"https:\/\/sartoceramica.it\/","logo":{"@type":"ImageObject","inLanguage":"it-IT","@id":"https:\/\/sartoceramica.it\/#\/schema\/logo\/image\/","url":"https:\/\/sartoceramica.it\/wp-content\/uploads\/2020\/02\/cropped-logo-png-sarto.png","contentUrl":"https:\/\/sartoceramica.it\/wp-content\/uploads\/2020\/02\/cropped-logo-png-sarto.png","width":566,"height":250,"caption":"Sarto Ceramica"},"image":{"@id":"https:\/\/sartoceramica.it\/#\/schema\/logo\/image\/"},"sameAs":["https:\/\/www.facebook.com\/SartoCeramicasrl\/?locale=it_IT","https:\/\/instagram.com\/sartoitalia_srl?igshid=MGU3ZTQzNzY="]}]}},"jetpack_sharing_enabled":true,"_links":{"self":[{"href":"https:\/\/sartoceramica.it\/index.php?rest_route=\/wp\/v2\/pages\/575","targetHints":{"allow":["GET"]}}],"collection":[{"href":"https:\/\/sartoceramica.it\/index.php?rest_route=\/wp\/v2\/pages"}],"about":[{"href":"https:\/\/sartoceramica.it\/index.php?rest_route=\/wp\/v2\/types\/page"}],"author":[{"embeddable":true,"href":"https:\/\/sartoceramica.it\/index.php?rest_route=\/wp\/v2\/users\/1"}],"replies":[{"embeddable":true,"href":"https:\/\/sartoceramica.it\/index.php?rest_route=%2Fwp%2Fv2%2Fcomments&post=575"}],"version-history":[{"count":2,"href":"https:\/\/sartoceramica.it\/index.php?rest_route=\/wp\/v2\/pages\/575\/revisions"}],"predecessor-version":[{"id":604,"href":"https:\/\/sartoceramica.it\/index.php?rest_route=\/wp\/v2\/pages\/575\/revisions\/604"}],"wp:attachment":[{"href":"https:\/\/sartoceramica.it\/index.php?rest_route=%2Fwp%2Fv2%2Fmedia&parent=575"}],"curies":[{"name":"wp","href":"https:\/\/api.w.org\/{rel}","templated":true}]}}