{"id":599,"date":"2020-10-09T09:54:38","date_gmt":"2020-10-09T09:54:38","guid":{"rendered":"https:\/\/sartoceramica.it\/?page_id=599"},"modified":"2020-10-09T09:54:39","modified_gmt":"2020-10-09T09:54:39","slug":"grilles-de-drainages","status":"publish","type":"page","link":"https:\/\/sartoceramica.it\/?page_id=599&lang=fr","title":{"rendered":"GRILLES DE DRAINAGES"},"content":{"rendered":"\n<p>Grilles de drainage en gr\u00e8s c\u00e9rame 2 CM pour piscines<\/p>\n\n\n\n<p>Possibilit\u00e9 de couper Grilles de drainage de 2 cm pour piscines et terrasses.<\/p>\n\n\n\n<p>Grilles d&#8217;angle;<\/p>\n\n\n\n<p>Grilles droites;<\/p>\n\n\n\n<p>Grilles courbes;<\/p>\n\n\n\n<p>Pi\u00e8ces de fermeture sp\u00e9ciales.<\/p>\n\n\n\n<figure class=\"wp-block-image size-large\"><img decoding=\"async\" src=\"https:\/\/sartoceramica.it\/wp-content\/uploads\/2020\/10\/griglie-monolitica-piscina-3-1024x858.gif\" alt=\"\" class=\"wp-image-601\"\/><\/figure>\n\n\n\n<figure class=\"wp-block-image size-large\"><img loading=\"lazy\" decoding=\"async\" width=\"623\" height=\"1024\" src=\"https:\/\/sartoceramica.it\/wp-content\/uploads\/2020\/10\/grille-623x1024.gif\" alt=\"\" class=\"wp-image-600\" srcset=\"https:\/\/sartoceramica.it\/wp-content\/uploads\/2020\/10\/grille-623x1024.gif 623w, https:\/\/sartoceramica.it\/wp-content\/uploads\/2020\/10\/grille-scaled-350x575.gif 350w, https:\/\/sartoceramica.it\/wp-content\/uploads\/2020\/10\/grille-183x300.gif 183w, https:\/\/sartoceramica.it\/wp-content\/uploads\/2020\/10\/grille-768x1261.gif 768w, https:\/\/sartoceramica.it\/wp-content\/uploads\/2020\/10\/grille-935x1536.gif 935w, https:\/\/sartoceramica.it\/wp-content\/uploads\/2020\/10\/grille-1247x2048.gif 1247w\" sizes=\"auto, (max-width: 623px) 100vw, 623px\" \/><\/figure>\n","protected":false},"excerpt":{"rendered":"<p>Grilles de drainage en gr\u00e8s c\u00e9rame 2 CM pour piscines Possibilit\u00e9 de couper Grilles de drainage de 2 cm pour piscines et terrasses. Grilles d&#8217;angle; Grilles droites; Grilles courbes; Pi\u00e8ces de fermeture sp\u00e9ciales.<\/p>\n","protected":false},"author":1,"featured_media":0,"parent":0,"menu_order":0,"comment_status":"closed","ping_status":"closed","template":"","meta":{"footnotes":""},"class_list":["post-599","page","type-page","status-publish","hentry"],"yoast_head":"<!-- This site is optimized with the Yoast SEO plugin v27.5 - https:\/\/yoast.com\/product\/yoast-seo-wordpress\/ -->\n<title>GRILLES DE DRAINAGES - Sarto Ceramica<\/title>\n<meta name=\"robots\" content=\"index, follow, max-snippet:-1, max-image-preview:large, max-video-preview:-1\" \/>\n<link rel=\"canonical\" href=\"https:\/\/sartoceramica.it\/?page_id=599&lang=fr\" \/>\n<meta property=\"og:locale\" content=\"it_IT\" \/>\n<meta property=\"og:type\" content=\"article\" \/>\n<meta property=\"og:title\" content=\"GRILLES DE DRAINAGES - Sarto Ceramica\" \/>\n<meta property=\"og:description\" content=\"Grilles de drainage en gr\u00e8s c\u00e9rame 2 CM pour piscines Possibilit\u00e9 de couper Grilles de drainage de 2 cm pour piscines et terrasses. Grilles d&#8217;angle; Grilles droites; Grilles courbes; Pi\u00e8ces de fermeture sp\u00e9ciales.\" \/>\n<meta property=\"og:url\" content=\"https:\/\/sartoceramica.it\/?page_id=599&amp;lang=fr\" \/>\n<meta property=\"og:site_name\" content=\"Sarto Ceramica\" \/>\n<meta property=\"article:publisher\" content=\"https:\/\/www.facebook.com\/SartoCeramicasrl\/?locale=it_IT\" \/>\n<meta property=\"article:modified_time\" content=\"2020-10-09T09:54:39+00:00\" \/>\n<meta property=\"og:image\" content=\"https:\/\/sartoceramica.it\/wp-content\/uploads\/2020\/10\/griglie-monolitica-piscina-3-1024x858.gif\" \/>\n<meta name=\"twitter:card\" content=\"summary_large_image\" \/>\n<script type=\"application\/ld+json\" class=\"yoast-schema-graph\">{\"@context\":\"https:\\\/\\\/schema.org\",\"@graph\":[{\"@type\":\"WebPage\",\"@id\":\"https:\\\/\\\/sartoceramica.it\\\/?page_id=599&lang=fr\",\"url\":\"https:\\\/\\\/sartoceramica.it\\\/?page_id=599&lang=fr\",\"name\":\"GRILLES DE DRAINAGES - Sarto Ceramica\",\"isPartOf\":{\"@id\":\"https:\\\/\\\/sartoceramica.it\\\/#website\"},\"primaryImageOfPage\":{\"@id\":\"https:\\\/\\\/sartoceramica.it\\\/?page_id=599&lang=fr#primaryimage\"},\"image\":{\"@id\":\"https:\\\/\\\/sartoceramica.it\\\/?page_id=599&lang=fr#primaryimage\"},\"thumbnailUrl\":\"https:\\\/\\\/sartoceramica.it\\\/wp-content\\\/uploads\\\/2020\\\/10\\\/griglie-monolitica-piscina-3-1024x858.gif\",\"datePublished\":\"2020-10-09T09:54:38+00:00\",\"dateModified\":\"2020-10-09T09:54:39+00:00\",\"breadcrumb\":{\"@id\":\"https:\\\/\\\/sartoceramica.it\\\/?page_id=599&lang=fr#breadcrumb\"},\"inLanguage\":\"it-IT\",\"potentialAction\":[{\"@type\":\"ReadAction\",\"target\":[\"https:\\\/\\\/sartoceramica.it\\\/?page_id=599&lang=fr\"]}]},{\"@type\":\"ImageObject\",\"inLanguage\":\"it-IT\",\"@id\":\"https:\\\/\\\/sartoceramica.it\\\/?page_id=599&lang=fr#primaryimage\",\"url\":\"https:\\\/\\\/sartoceramica.it\\\/wp-content\\\/uploads\\\/2020\\\/10\\\/griglie-monolitica-piscina-3-1024x858.gif\",\"contentUrl\":\"https:\\\/\\\/sartoceramica.it\\\/wp-content\\\/uploads\\\/2020\\\/10\\\/griglie-monolitica-piscina-3-1024x858.gif\"},{\"@type\":\"BreadcrumbList\",\"@id\":\"https:\\\/\\\/sartoceramica.it\\\/?page_id=599&lang=fr#breadcrumb\",\"itemListElement\":[{\"@type\":\"ListItem\",\"position\":1,\"name\":\"Home\",\"item\":\"https:\\\/\\\/lightgrey-scorpion-978849.hostingersite.com\\\/\"},{\"@type\":\"ListItem\",\"position\":2,\"name\":\"GRILLES DE DRAINAGES\"}]},{\"@type\":\"WebSite\",\"@id\":\"https:\\\/\\\/sartoceramica.it\\\/#website\",\"url\":\"https:\\\/\\\/sartoceramica.it\\\/\",\"name\":\"Sarto Ceramica\",\"description\":\"Home decor in gres porcellanato su misura\",\"publisher\":{\"@id\":\"https:\\\/\\\/sartoceramica.it\\\/#organization\"},\"potentialAction\":[{\"@type\":\"SearchAction\",\"target\":{\"@type\":\"EntryPoint\",\"urlTemplate\":\"https:\\\/\\\/sartoceramica.it\\\/?s={search_term_string}\"},\"query-input\":{\"@type\":\"PropertyValueSpecification\",\"valueRequired\":true,\"valueName\":\"search_term_string\"}}],\"inLanguage\":\"it-IT\"},{\"@type\":\"Organization\",\"@id\":\"https:\\\/\\\/sartoceramica.it\\\/#organization\",\"name\":\"Sarto Ceramica\",\"url\":\"https:\\\/\\\/sartoceramica.it\\\/\",\"logo\":{\"@type\":\"ImageObject\",\"inLanguage\":\"it-IT\",\"@id\":\"https:\\\/\\\/sartoceramica.it\\\/#\\\/schema\\\/logo\\\/image\\\/\",\"url\":\"https:\\\/\\\/sartoceramica.it\\\/wp-content\\\/uploads\\\/2020\\\/02\\\/cropped-logo-png-sarto.png\",\"contentUrl\":\"https:\\\/\\\/sartoceramica.it\\\/wp-content\\\/uploads\\\/2020\\\/02\\\/cropped-logo-png-sarto.png\",\"width\":566,\"height\":250,\"caption\":\"Sarto Ceramica\"},\"image\":{\"@id\":\"https:\\\/\\\/sartoceramica.it\\\/#\\\/schema\\\/logo\\\/image\\\/\"},\"sameAs\":[\"https:\\\/\\\/www.facebook.com\\\/SartoCeramicasrl\\\/?locale=it_IT\",\"https:\\\/\\\/instagram.com\\\/sartoitalia_srl?igshid=MGU3ZTQzNzY=\"]}]}<\/script>\n<!-- \/ Yoast SEO plugin. -->","yoast_head_json":{"title":"GRILLES DE DRAINAGES - Sarto Ceramica","robots":{"index":"index","follow":"follow","max-snippet":"max-snippet:-1","max-image-preview":"max-image-preview:large","max-video-preview":"max-video-preview:-1"},"canonical":"https:\/\/sartoceramica.it\/?page_id=599&lang=fr","og_locale":"it_IT","og_type":"article","og_title":"GRILLES DE DRAINAGES - Sarto Ceramica","og_description":"Grilles de drainage en gr\u00e8s c\u00e9rame 2 CM pour piscines Possibilit\u00e9 de couper Grilles de drainage de 2 cm pour piscines et terrasses. Grilles d&#8217;angle; Grilles droites; Grilles courbes; Pi\u00e8ces de fermeture sp\u00e9ciales.","og_url":"https:\/\/sartoceramica.it\/?page_id=599&lang=fr","og_site_name":"Sarto Ceramica","article_publisher":"https:\/\/www.facebook.com\/SartoCeramicasrl\/?locale=it_IT","article_modified_time":"2020-10-09T09:54:39+00:00","og_image":[{"url":"https:\/\/sartoceramica.it\/wp-content\/uploads\/2020\/10\/griglie-monolitica-piscina-3-1024x858.gif","type":"","width":"","height":""}],"twitter_card":"summary_large_image","schema":{"@context":"https:\/\/schema.org","@graph":[{"@type":"WebPage","@id":"https:\/\/sartoceramica.it\/?page_id=599&lang=fr","url":"https:\/\/sartoceramica.it\/?page_id=599&lang=fr","name":"GRILLES DE DRAINAGES - Sarto Ceramica","isPartOf":{"@id":"https:\/\/sartoceramica.it\/#website"},"primaryImageOfPage":{"@id":"https:\/\/sartoceramica.it\/?page_id=599&lang=fr#primaryimage"},"image":{"@id":"https:\/\/sartoceramica.it\/?page_id=599&lang=fr#primaryimage"},"thumbnailUrl":"https:\/\/sartoceramica.it\/wp-content\/uploads\/2020\/10\/griglie-monolitica-piscina-3-1024x858.gif","datePublished":"2020-10-09T09:54:38+00:00","dateModified":"2020-10-09T09:54:39+00:00","breadcrumb":{"@id":"https:\/\/sartoceramica.it\/?page_id=599&lang=fr#breadcrumb"},"inLanguage":"it-IT","potentialAction":[{"@type":"ReadAction","target":["https:\/\/sartoceramica.it\/?page_id=599&lang=fr"]}]},{"@type":"ImageObject","inLanguage":"it-IT","@id":"https:\/\/sartoceramica.it\/?page_id=599&lang=fr#primaryimage","url":"https:\/\/sartoceramica.it\/wp-content\/uploads\/2020\/10\/griglie-monolitica-piscina-3-1024x858.gif","contentUrl":"https:\/\/sartoceramica.it\/wp-content\/uploads\/2020\/10\/griglie-monolitica-piscina-3-1024x858.gif"},{"@type":"BreadcrumbList","@id":"https:\/\/sartoceramica.it\/?page_id=599&lang=fr#breadcrumb","itemListElement":[{"@type":"ListItem","position":1,"name":"Home","item":"https:\/\/lightgrey-scorpion-978849.hostingersite.com\/"},{"@type":"ListItem","position":2,"name":"GRILLES DE DRAINAGES"}]},{"@type":"WebSite","@id":"https:\/\/sartoceramica.it\/#website","url":"https:\/\/sartoceramica.it\/","name":"Sarto Ceramica","description":"Home decor in gres porcellanato su misura","publisher":{"@id":"https:\/\/sartoceramica.it\/#organization"},"potentialAction":[{"@type":"SearchAction","target":{"@type":"EntryPoint","urlTemplate":"https:\/\/sartoceramica.it\/?s={search_term_string}"},"query-input":{"@type":"PropertyValueSpecification","valueRequired":true,"valueName":"search_term_string"}}],"inLanguage":"it-IT"},{"@type":"Organization","@id":"https:\/\/sartoceramica.it\/#organization","name":"Sarto Ceramica","url":"https:\/\/sartoceramica.it\/","logo":{"@type":"ImageObject","inLanguage":"it-IT","@id":"https:\/\/sartoceramica.it\/#\/schema\/logo\/image\/","url":"https:\/\/sartoceramica.it\/wp-content\/uploads\/2020\/02\/cropped-logo-png-sarto.png","contentUrl":"https:\/\/sartoceramica.it\/wp-content\/uploads\/2020\/02\/cropped-logo-png-sarto.png","width":566,"height":250,"caption":"Sarto Ceramica"},"image":{"@id":"https:\/\/sartoceramica.it\/#\/schema\/logo\/image\/"},"sameAs":["https:\/\/www.facebook.com\/SartoCeramicasrl\/?locale=it_IT","https:\/\/instagram.com\/sartoitalia_srl?igshid=MGU3ZTQzNzY="]}]}},"jetpack_sharing_enabled":true,"_links":{"self":[{"href":"https:\/\/sartoceramica.it\/index.php?rest_route=\/wp\/v2\/pages\/599","targetHints":{"allow":["GET"]}}],"collection":[{"href":"https:\/\/sartoceramica.it\/index.php?rest_route=\/wp\/v2\/pages"}],"about":[{"href":"https:\/\/sartoceramica.it\/index.php?rest_route=\/wp\/v2\/types\/page"}],"author":[{"embeddable":true,"href":"https:\/\/sartoceramica.it\/index.php?rest_route=\/wp\/v2\/users\/1"}],"replies":[{"embeddable":true,"href":"https:\/\/sartoceramica.it\/index.php?rest_route=%2Fwp%2Fv2%2Fcomments&post=599"}],"version-history":[{"count":1,"href":"https:\/\/sartoceramica.it\/index.php?rest_route=\/wp\/v2\/pages\/599\/revisions"}],"predecessor-version":[{"id":602,"href":"https:\/\/sartoceramica.it\/index.php?rest_route=\/wp\/v2\/pages\/599\/revisions\/602"}],"wp:attachment":[{"href":"https:\/\/sartoceramica.it\/index.php?rest_route=%2Fwp%2Fv2%2Fmedia&parent=599"}],"curies":[{"name":"wp","href":"https:\/\/api.w.org\/{rel}","templated":true}]}}