{"id":616,"date":"2020-10-09T13:05:07","date_gmt":"2020-10-09T13:05:07","guid":{"rendered":"https:\/\/sartoceramica.it\/?page_id=616"},"modified":"2020-10-09T13:05:07","modified_gmt":"2020-10-09T13:05:07","slug":"decor-laser","status":"publish","type":"page","link":"https:\/\/sartoceramica.it\/?page_id=616&lang=fr","title":{"rendered":"D\u00c9COR LASER"},"content":{"rendered":"\n<p>D\u00e9cor laser sur diff\u00e9rents supports<\/p>\n\n\n\n<p>Un travail que notre soci\u00e9t\u00e9 produit depuis des ann\u00e9es, en brevetant \u00e9galement la version color\u00e9e du proc\u00e9d\u00e9.<\/p>\n\n\n\n<p>Le d\u00e9cor laser ne modifie pas le support: il creuse l\u00e9g\u00e8rement mais surtout il re-cuit la surface, scellant les incisions\u00a0: r\u00e9sultant en l&#8217;\u00e9limination du tout probl\u00e8me li\u00e9 \u00e0 une surface non homog\u00e8ne. La d\u00e9coration est imperceptiblement fouill\u00e9e: il n&#8217;y a aucun probl\u00e8me li\u00e9 au nettoyage.<\/p>\n\n\n\n<figure class=\"wp-block-image size-large\"><img loading=\"lazy\" decoding=\"async\" width=\"1024\" height=\"612\" src=\"https:\/\/sartoceramica.it\/wp-content\/uploads\/2020\/10\/logo-jaguar-non-colorato-1-1-1024x612.jpg\" alt=\"\" class=\"wp-image-618\"\/><\/figure>\n\n\n\n<p>Mat\u00e9riaux utilisables:<\/p>\n\n\n\n<p>GR\u00c8S PORCELAINE Format: tout format ou forme<\/p>\n\n\n\n<p>Couleurs: au choix, la d\u00e9coration est particuli\u00e8rement adapt\u00e9e<\/p>\n\n\n\n<p>sur les couleurs sombres.<\/p>\n\n\n\n<p>Surface: Gr\u00e8s UGL, GL. L\u00e9g\u00e8rement structur\u00e9 ou lisse.<\/p>\n\n\n\n<p>PLANCHES EN BOIS Format: planches en bois naturel<\/p>\n\n\n\n<p>Couleurs: ch\u00eane, teck, noyer.<\/p>\n\n\n\n<p>Surface: planches avec finition huil\u00e9e.<\/p>\n\n\n\n<p>MARBRE NATUREL (MAT OU BRILLANT)<\/p>\n\n\n\n<p>&nbsp;CUIR<\/p>\n\n\n\n<p>\u00c9CO-CUIR<\/p>\n\n\n\n<p>VERRE.<\/p>\n\n\n\n<p>Nous sommes toujours disponibles pour tests de gravure sur les d\u00e9tails supports en c\u00e9ramique ou en bois pour cr\u00e9ation de d\u00e9corations, logos, signes et plus encore.<\/p>\n\n\n\n<p>Exemples de formats \u00e0 graver:<\/p>\n\n\n\n<figure class=\"wp-block-image size-large\"><img loading=\"lazy\" decoding=\"async\" width=\"1024\" height=\"546\" src=\"https:\/\/sartoceramica.it\/wp-content\/uploads\/2020\/10\/formati-laser-1-1024x546.gif\" alt=\"\" class=\"wp-image-617\" srcset=\"https:\/\/sartoceramica.it\/wp-content\/uploads\/2020\/10\/formati-laser-1-1024x546.gif 1024w, https:\/\/sartoceramica.it\/wp-content\/uploads\/2020\/10\/formati-laser-1-350x187.gif 350w, https:\/\/sartoceramica.it\/wp-content\/uploads\/2020\/10\/formati-laser-1-300x160.gif 300w, https:\/\/sartoceramica.it\/wp-content\/uploads\/2020\/10\/formati-laser-1-768x410.gif 768w\" sizes=\"auto, (max-width: 767px) 89vw, (max-width: 1000px) 54vw, (max-width: 1071px) 543px, 580px\" \/><\/figure>\n\n\n\n<p>I RICAMI notre collection de gravures laser monochromes, t\u00e9l\u00e9chargez la brochure ici:<\/p>\n\n\n","protected":false},"excerpt":{"rendered":"<p>D\u00e9cor laser sur diff\u00e9rents supports Un travail que notre soci\u00e9t\u00e9 produit depuis des ann\u00e9es, en brevetant \u00e9galement la version color\u00e9e du proc\u00e9d\u00e9. Le d\u00e9cor laser ne modifie pas le support: il creuse l\u00e9g\u00e8rement mais surtout il re-cuit la surface, scellant les incisions\u00a0: r\u00e9sultant en l&#8217;\u00e9limination du tout probl\u00e8me li\u00e9 \u00e0 une surface non homog\u00e8ne. La &hellip; <\/p>\n<p class=\"link-more\"><a href=\"https:\/\/sartoceramica.it\/?page_id=616&#038;lang=fr\" class=\"more-link\">Leggi tutto<span class=\"screen-reader-text\"> &#8220;D\u00c9COR LASER&#8221;<\/span><\/a><\/p>\n","protected":false},"author":1,"featured_media":0,"parent":0,"menu_order":0,"comment_status":"closed","ping_status":"closed","template":"","meta":{"footnotes":""},"class_list":["post-616","page","type-page","status-publish","hentry"],"yoast_head":"<!-- This site is optimized with the Yoast SEO plugin v27.5 - https:\/\/yoast.com\/product\/yoast-seo-wordpress\/ -->\n<title>D\u00c9COR LASER - Sarto Ceramica<\/title>\n<meta name=\"robots\" content=\"index, follow, max-snippet:-1, max-image-preview:large, max-video-preview:-1\" \/>\n<link rel=\"canonical\" href=\"https:\/\/sartoceramica.it\/?page_id=616&lang=fr\" \/>\n<meta property=\"og:locale\" content=\"it_IT\" \/>\n<meta property=\"og:type\" content=\"article\" \/>\n<meta property=\"og:title\" content=\"D\u00c9COR LASER - Sarto Ceramica\" \/>\n<meta property=\"og:description\" content=\"D\u00e9cor laser sur diff\u00e9rents supports Un travail que notre soci\u00e9t\u00e9 produit depuis des ann\u00e9es, en brevetant \u00e9galement la version color\u00e9e du proc\u00e9d\u00e9. Le d\u00e9cor laser ne modifie pas le support: il creuse l\u00e9g\u00e8rement mais surtout il re-cuit la surface, scellant les incisions\u00a0: r\u00e9sultant en l&#8217;\u00e9limination du tout probl\u00e8me li\u00e9 \u00e0 une surface non homog\u00e8ne. La &hellip; Leggi tutto &quot;D\u00c9COR LASER&quot;\" \/>\n<meta property=\"og:url\" content=\"https:\/\/sartoceramica.it\/?page_id=616&amp;lang=fr\" \/>\n<meta property=\"og:site_name\" content=\"Sarto Ceramica\" \/>\n<meta property=\"article:publisher\" content=\"https:\/\/www.facebook.com\/SartoCeramicasrl\/?locale=it_IT\" \/>\n<meta property=\"og:image\" content=\"https:\/\/sartoceramica.it\/wp-content\/uploads\/2020\/10\/logo-jaguar-non-colorato-1-1-1024x612.jpg\" \/>\n<meta name=\"twitter:card\" content=\"summary_large_image\" \/>\n<meta name=\"twitter:label1\" content=\"Tempo di lettura stimato\" \/>\n\t<meta name=\"twitter:data1\" content=\"1 minuto\" \/>\n<script type=\"application\/ld+json\" class=\"yoast-schema-graph\">{\"@context\":\"https:\\\/\\\/schema.org\",\"@graph\":[{\"@type\":\"WebPage\",\"@id\":\"https:\\\/\\\/sartoceramica.it\\\/?page_id=616&lang=fr\",\"url\":\"https:\\\/\\\/sartoceramica.it\\\/?page_id=616&lang=fr\",\"name\":\"D\u00c9COR LASER - Sarto Ceramica\",\"isPartOf\":{\"@id\":\"https:\\\/\\\/sartoceramica.it\\\/#website\"},\"primaryImageOfPage\":{\"@id\":\"https:\\\/\\\/sartoceramica.it\\\/?page_id=616&lang=fr#primaryimage\"},\"image\":{\"@id\":\"https:\\\/\\\/sartoceramica.it\\\/?page_id=616&lang=fr#primaryimage\"},\"thumbnailUrl\":\"https:\\\/\\\/sartoceramica.it\\\/wp-content\\\/uploads\\\/2020\\\/10\\\/logo-jaguar-non-colorato-1-1-1024x612.jpg\",\"datePublished\":\"2020-10-09T13:05:07+00:00\",\"breadcrumb\":{\"@id\":\"https:\\\/\\\/sartoceramica.it\\\/?page_id=616&lang=fr#breadcrumb\"},\"inLanguage\":\"it-IT\",\"potentialAction\":[{\"@type\":\"ReadAction\",\"target\":[\"https:\\\/\\\/sartoceramica.it\\\/?page_id=616&lang=fr\"]}]},{\"@type\":\"ImageObject\",\"inLanguage\":\"it-IT\",\"@id\":\"https:\\\/\\\/sartoceramica.it\\\/?page_id=616&lang=fr#primaryimage\",\"url\":\"https:\\\/\\\/sartoceramica.it\\\/wp-content\\\/uploads\\\/2020\\\/10\\\/logo-jaguar-non-colorato-1-1-1024x612.jpg\",\"contentUrl\":\"https:\\\/\\\/sartoceramica.it\\\/wp-content\\\/uploads\\\/2020\\\/10\\\/logo-jaguar-non-colorato-1-1-1024x612.jpg\"},{\"@type\":\"BreadcrumbList\",\"@id\":\"https:\\\/\\\/sartoceramica.it\\\/?page_id=616&lang=fr#breadcrumb\",\"itemListElement\":[{\"@type\":\"ListItem\",\"position\":1,\"name\":\"Home\",\"item\":\"https:\\\/\\\/lightgrey-scorpion-978849.hostingersite.com\\\/\"},{\"@type\":\"ListItem\",\"position\":2,\"name\":\"D\u00c9COR LASER\"}]},{\"@type\":\"WebSite\",\"@id\":\"https:\\\/\\\/sartoceramica.it\\\/#website\",\"url\":\"https:\\\/\\\/sartoceramica.it\\\/\",\"name\":\"Sarto Ceramica\",\"description\":\"Home decor in gres porcellanato su misura\",\"publisher\":{\"@id\":\"https:\\\/\\\/sartoceramica.it\\\/#organization\"},\"potentialAction\":[{\"@type\":\"SearchAction\",\"target\":{\"@type\":\"EntryPoint\",\"urlTemplate\":\"https:\\\/\\\/sartoceramica.it\\\/?s={search_term_string}\"},\"query-input\":{\"@type\":\"PropertyValueSpecification\",\"valueRequired\":true,\"valueName\":\"search_term_string\"}}],\"inLanguage\":\"it-IT\"},{\"@type\":\"Organization\",\"@id\":\"https:\\\/\\\/sartoceramica.it\\\/#organization\",\"name\":\"Sarto Ceramica\",\"url\":\"https:\\\/\\\/sartoceramica.it\\\/\",\"logo\":{\"@type\":\"ImageObject\",\"inLanguage\":\"it-IT\",\"@id\":\"https:\\\/\\\/sartoceramica.it\\\/#\\\/schema\\\/logo\\\/image\\\/\",\"url\":\"https:\\\/\\\/sartoceramica.it\\\/wp-content\\\/uploads\\\/2020\\\/02\\\/cropped-logo-png-sarto.png\",\"contentUrl\":\"https:\\\/\\\/sartoceramica.it\\\/wp-content\\\/uploads\\\/2020\\\/02\\\/cropped-logo-png-sarto.png\",\"width\":566,\"height\":250,\"caption\":\"Sarto Ceramica\"},\"image\":{\"@id\":\"https:\\\/\\\/sartoceramica.it\\\/#\\\/schema\\\/logo\\\/image\\\/\"},\"sameAs\":[\"https:\\\/\\\/www.facebook.com\\\/SartoCeramicasrl\\\/?locale=it_IT\",\"https:\\\/\\\/instagram.com\\\/sartoitalia_srl?igshid=MGU3ZTQzNzY=\"]}]}<\/script>\n<!-- \/ Yoast SEO plugin. -->","yoast_head_json":{"title":"D\u00c9COR LASER - Sarto Ceramica","robots":{"index":"index","follow":"follow","max-snippet":"max-snippet:-1","max-image-preview":"max-image-preview:large","max-video-preview":"max-video-preview:-1"},"canonical":"https:\/\/sartoceramica.it\/?page_id=616&lang=fr","og_locale":"it_IT","og_type":"article","og_title":"D\u00c9COR LASER - Sarto Ceramica","og_description":"D\u00e9cor laser sur diff\u00e9rents supports Un travail que notre soci\u00e9t\u00e9 produit depuis des ann\u00e9es, en brevetant \u00e9galement la version color\u00e9e du proc\u00e9d\u00e9. Le d\u00e9cor laser ne modifie pas le support: il creuse l\u00e9g\u00e8rement mais surtout il re-cuit la surface, scellant les incisions\u00a0: r\u00e9sultant en l&#8217;\u00e9limination du tout probl\u00e8me li\u00e9 \u00e0 une surface non homog\u00e8ne. La &hellip; Leggi tutto \"D\u00c9COR LASER\"","og_url":"https:\/\/sartoceramica.it\/?page_id=616&lang=fr","og_site_name":"Sarto Ceramica","article_publisher":"https:\/\/www.facebook.com\/SartoCeramicasrl\/?locale=it_IT","og_image":[{"url":"https:\/\/sartoceramica.it\/wp-content\/uploads\/2020\/10\/logo-jaguar-non-colorato-1-1-1024x612.jpg","type":"","width":"","height":""}],"twitter_card":"summary_large_image","twitter_misc":{"Tempo di lettura stimato":"1 minuto"},"schema":{"@context":"https:\/\/schema.org","@graph":[{"@type":"WebPage","@id":"https:\/\/sartoceramica.it\/?page_id=616&lang=fr","url":"https:\/\/sartoceramica.it\/?page_id=616&lang=fr","name":"D\u00c9COR LASER - Sarto Ceramica","isPartOf":{"@id":"https:\/\/sartoceramica.it\/#website"},"primaryImageOfPage":{"@id":"https:\/\/sartoceramica.it\/?page_id=616&lang=fr#primaryimage"},"image":{"@id":"https:\/\/sartoceramica.it\/?page_id=616&lang=fr#primaryimage"},"thumbnailUrl":"https:\/\/sartoceramica.it\/wp-content\/uploads\/2020\/10\/logo-jaguar-non-colorato-1-1-1024x612.jpg","datePublished":"2020-10-09T13:05:07+00:00","breadcrumb":{"@id":"https:\/\/sartoceramica.it\/?page_id=616&lang=fr#breadcrumb"},"inLanguage":"it-IT","potentialAction":[{"@type":"ReadAction","target":["https:\/\/sartoceramica.it\/?page_id=616&lang=fr"]}]},{"@type":"ImageObject","inLanguage":"it-IT","@id":"https:\/\/sartoceramica.it\/?page_id=616&lang=fr#primaryimage","url":"https:\/\/sartoceramica.it\/wp-content\/uploads\/2020\/10\/logo-jaguar-non-colorato-1-1-1024x612.jpg","contentUrl":"https:\/\/sartoceramica.it\/wp-content\/uploads\/2020\/10\/logo-jaguar-non-colorato-1-1-1024x612.jpg"},{"@type":"BreadcrumbList","@id":"https:\/\/sartoceramica.it\/?page_id=616&lang=fr#breadcrumb","itemListElement":[{"@type":"ListItem","position":1,"name":"Home","item":"https:\/\/lightgrey-scorpion-978849.hostingersite.com\/"},{"@type":"ListItem","position":2,"name":"D\u00c9COR LASER"}]},{"@type":"WebSite","@id":"https:\/\/sartoceramica.it\/#website","url":"https:\/\/sartoceramica.it\/","name":"Sarto Ceramica","description":"Home decor in gres porcellanato su misura","publisher":{"@id":"https:\/\/sartoceramica.it\/#organization"},"potentialAction":[{"@type":"SearchAction","target":{"@type":"EntryPoint","urlTemplate":"https:\/\/sartoceramica.it\/?s={search_term_string}"},"query-input":{"@type":"PropertyValueSpecification","valueRequired":true,"valueName":"search_term_string"}}],"inLanguage":"it-IT"},{"@type":"Organization","@id":"https:\/\/sartoceramica.it\/#organization","name":"Sarto Ceramica","url":"https:\/\/sartoceramica.it\/","logo":{"@type":"ImageObject","inLanguage":"it-IT","@id":"https:\/\/sartoceramica.it\/#\/schema\/logo\/image\/","url":"https:\/\/sartoceramica.it\/wp-content\/uploads\/2020\/02\/cropped-logo-png-sarto.png","contentUrl":"https:\/\/sartoceramica.it\/wp-content\/uploads\/2020\/02\/cropped-logo-png-sarto.png","width":566,"height":250,"caption":"Sarto Ceramica"},"image":{"@id":"https:\/\/sartoceramica.it\/#\/schema\/logo\/image\/"},"sameAs":["https:\/\/www.facebook.com\/SartoCeramicasrl\/?locale=it_IT","https:\/\/instagram.com\/sartoitalia_srl?igshid=MGU3ZTQzNzY="]}]}},"jetpack_sharing_enabled":true,"_links":{"self":[{"href":"https:\/\/sartoceramica.it\/index.php?rest_route=\/wp\/v2\/pages\/616","targetHints":{"allow":["GET"]}}],"collection":[{"href":"https:\/\/sartoceramica.it\/index.php?rest_route=\/wp\/v2\/pages"}],"about":[{"href":"https:\/\/sartoceramica.it\/index.php?rest_route=\/wp\/v2\/types\/page"}],"author":[{"embeddable":true,"href":"https:\/\/sartoceramica.it\/index.php?rest_route=\/wp\/v2\/users\/1"}],"replies":[{"embeddable":true,"href":"https:\/\/sartoceramica.it\/index.php?rest_route=%2Fwp%2Fv2%2Fcomments&post=616"}],"version-history":[{"count":1,"href":"https:\/\/sartoceramica.it\/index.php?rest_route=\/wp\/v2\/pages\/616\/revisions"}],"predecessor-version":[{"id":619,"href":"https:\/\/sartoceramica.it\/index.php?rest_route=\/wp\/v2\/pages\/616\/revisions\/619"}],"wp:attachment":[{"href":"https:\/\/sartoceramica.it\/index.php?rest_route=%2Fwp%2Fv2%2Fmedia&parent=616"}],"curies":[{"name":"wp","href":"https:\/\/api.w.org\/{rel}","templated":true}]}}